{"id":20121,"date":"2022-04-30T21:11:17","date_gmt":"2022-04-30T19:12:11","guid":{"rendered":"https:\/\/aircairo.gmtravelsolution.com\/?post_type=product&#038;p=20121"},"modified":"2026-01-01T12:43:56","modified_gmt":"2026-01-01T10:43:56","slug":"corsia-preferenziale-royal-sharm-el-sheikh-nuovo","status":"publish","type":"product","link":"https:\/\/aircairo.gmtravelsolution.com\/it\/products\/corsia-preferenziale-royal-sharm-el-sheikh-nuovo\/","title":{"rendered":"Corsia Preferenziale Royal Sharm El Sheikh"},"content":{"rendered":"<p>Fino a 3 persone costo \u00e8 <strong><span style=\"color: #339966;\">500$<\/span><\/strong> in totale<\/p>\n<p>Costo per ogni persona in pi\u00f9 \u00e8 <strong><span style=\"color: #339966;\">200$<\/span><\/strong><\/p>\n<p>Lusso e privacy ai massimi livelli sono le caratteristiche principali del nostro servizio Royal. Il nostro agente eseguir\u00e0 tutte le formalit\u00e0 aeroportuali per tuo conto mentre riposi in una sala VIP privata. Il trasporto con un&#8217;auto privata da\/per l&#8217;aereo \u00e8 incluso.<\/p>\n","protected":false},"excerpt":{"rendered":"<p>Fino a 3 persone costo \u00e8 <strong><span style=\"color: #339966;\">400$<\/span><\/strong> in totale<\/p>\n<p>Costo per ogni persona in pi\u00f9 \u00e8 <strong><span style=\"color: #339966;\">150$<\/span><\/strong><\/p>\n","protected":false},"featured_media":37698,"comment_status":"open","ping_status":"closed","template":"","meta":{"_mi_skip_tracking":false},"product_cat":[1210,786],"product_tag":[690,722,692],"yoast_head":"<!-- This site is optimized with the Yoast SEO Premium plugin v21.5 (Yoast SEO v21.5) - https:\/\/yoast.com\/wordpress\/plugins\/seo\/ -->\n<title>Corsia Preferenziale Royal Sharm El Sheikh - Global Marketing<\/title>\n<meta name=\"robots\" content=\"index, follow, max-snippet:-1, max-image-preview:large, max-video-preview:-1\" \/>\n<link rel=\"canonical\" href=\"https:\/\/aircairo.gmtravelsolution.com\/it\/products\/corsia-preferenziale-royal-sharm-el-sheikh-nuovo\/\" \/>\n<meta property=\"og:locale\" content=\"it_IT\" \/>\n<meta property=\"og:type\" content=\"article\" \/>\n<meta property=\"og:title\" content=\"Corsia Preferenziale Royal Sharm El Sheikh\" \/>\n<meta property=\"og:description\" content=\"Fino a 3 persone costo \u00e8 400$ in totale  Costo per ogni persona in pi\u00f9 \u00e8 150$\" \/>\n<meta property=\"og:url\" content=\"https:\/\/aircairo.gmtravelsolution.com\/it\/products\/corsia-preferenziale-royal-sharm-el-sheikh-nuovo\/\" \/>\n<meta property=\"og:site_name\" content=\"Global Marketing\" \/>\n<meta property=\"article:modified_time\" content=\"2026-01-01T10:43:56+00:00\" \/>\n<meta property=\"og:image\" content=\"https:\/\/aircairo.gmtravelsolution.com\/wp-content\/uploads\/2024\/03\/princes-service-2.jpg\" \/>\n\t<meta property=\"og:image:width\" content=\"768\" \/>\n\t<meta property=\"og:image:height\" content=\"392\" \/>\n\t<meta property=\"og:image:type\" content=\"image\/jpeg\" \/>\n<meta name=\"twitter:card\" content=\"summary_large_image\" \/>\n<meta name=\"twitter:label1\" content=\"Tempo di lettura stimato\" \/>\n\t<meta name=\"twitter:data1\" content=\"1 minuto\" \/>\n<script type=\"application\/ld+json\" class=\"yoast-schema-graph\">{\"@context\":\"https:\/\/schema.org\",\"@graph\":[{\"@type\":\"WebPage\",\"@id\":\"https:\/\/aircairo.gmtravelsolution.com\/it\/products\/corsia-preferenziale-royal-sharm-el-sheikh-nuovo\/\",\"url\":\"https:\/\/aircairo.gmtravelsolution.com\/it\/products\/corsia-preferenziale-royal-sharm-el-sheikh-nuovo\/\",\"name\":\"Corsia Preferenziale Royal Sharm El Sheikh - Global Marketing\",\"isPartOf\":{\"@id\":\"https:\/\/aircairo.gmtravelsolution.com\/#website\"},\"datePublished\":\"2022-04-30T19:12:11+00:00\",\"dateModified\":\"2026-01-01T10:43:56+00:00\",\"breadcrumb\":{\"@id\":\"https:\/\/aircairo.gmtravelsolution.com\/it\/products\/corsia-preferenziale-royal-sharm-el-sheikh-nuovo\/#breadcrumb\"},\"inLanguage\":\"it-IT\",\"potentialAction\":[{\"@type\":\"ReadAction\",\"target\":[\"https:\/\/aircairo.gmtravelsolution.com\/it\/products\/corsia-preferenziale-royal-sharm-el-sheikh-nuovo\/\"]}]},{\"@type\":\"BreadcrumbList\",\"@id\":\"https:\/\/aircairo.gmtravelsolution.com\/it\/products\/corsia-preferenziale-royal-sharm-el-sheikh-nuovo\/#breadcrumb\",\"itemListElement\":[{\"@type\":\"ListItem\",\"position\":1,\"name\":\"Home\",\"item\":\"https:\/\/aircairo.gmtravelsolution.com\/\"},{\"@type\":\"ListItem\",\"position\":2,\"name\":\"negozio\",\"item\":\"https:\/\/aircairo.gmtravelsolution.com\/it\/shop\/\"},{\"@type\":\"ListItem\",\"position\":3,\"name\":\"Corsia Preferenziale Royal Sharm El Sheikh\"}]},{\"@type\":\"WebSite\",\"@id\":\"https:\/\/aircairo.gmtravelsolution.com\/#website\",\"url\":\"https:\/\/aircairo.gmtravelsolution.com\/\",\"name\":\"Global Marketing\",\"description\":\"Travel Solution\",\"potentialAction\":[{\"@type\":\"SearchAction\",\"target\":{\"@type\":\"EntryPoint\",\"urlTemplate\":\"https:\/\/aircairo.gmtravelsolution.com\/?s={search_term_string}\"},\"query-input\":\"required name=search_term_string\"}],\"inLanguage\":\"it-IT\"}]}<\/script>\n<!-- \/ Yoast SEO Premium plugin. -->","yoast_head_json":{"title":"Corsia Preferenziale Royal Sharm El Sheikh - Global Marketing","robots":{"index":"index","follow":"follow","max-snippet":"max-snippet:-1","max-image-preview":"max-image-preview:large","max-video-preview":"max-video-preview:-1"},"canonical":"https:\/\/aircairo.gmtravelsolution.com\/it\/products\/corsia-preferenziale-royal-sharm-el-sheikh-nuovo\/","og_locale":"it_IT","og_type":"article","og_title":"Corsia Preferenziale Royal Sharm El Sheikh","og_description":"Fino a 3 persone costo \u00e8 400$ in totale  Costo per ogni persona in pi\u00f9 \u00e8 150$","og_url":"https:\/\/aircairo.gmtravelsolution.com\/it\/products\/corsia-preferenziale-royal-sharm-el-sheikh-nuovo\/","og_site_name":"Global Marketing","article_modified_time":"2026-01-01T10:43:56+00:00","og_image":[{"width":768,"height":392,"url":"https:\/\/aircairo.gmtravelsolution.com\/wp-content\/uploads\/2024\/03\/princes-service-2.jpg","type":"image\/jpeg"}],"twitter_card":"summary_large_image","twitter_misc":{"Tempo di lettura stimato":"1 minuto"},"schema":{"@context":"https:\/\/schema.org","@graph":[{"@type":"WebPage","@id":"https:\/\/aircairo.gmtravelsolution.com\/it\/products\/corsia-preferenziale-royal-sharm-el-sheikh-nuovo\/","url":"https:\/\/aircairo.gmtravelsolution.com\/it\/products\/corsia-preferenziale-royal-sharm-el-sheikh-nuovo\/","name":"Corsia Preferenziale Royal Sharm El Sheikh - Global Marketing","isPartOf":{"@id":"https:\/\/aircairo.gmtravelsolution.com\/#website"},"datePublished":"2022-04-30T19:12:11+00:00","dateModified":"2026-01-01T10:43:56+00:00","breadcrumb":{"@id":"https:\/\/aircairo.gmtravelsolution.com\/it\/products\/corsia-preferenziale-royal-sharm-el-sheikh-nuovo\/#breadcrumb"},"inLanguage":"it-IT","potentialAction":[{"@type":"ReadAction","target":["https:\/\/aircairo.gmtravelsolution.com\/it\/products\/corsia-preferenziale-royal-sharm-el-sheikh-nuovo\/"]}]},{"@type":"BreadcrumbList","@id":"https:\/\/aircairo.gmtravelsolution.com\/it\/products\/corsia-preferenziale-royal-sharm-el-sheikh-nuovo\/#breadcrumb","itemListElement":[{"@type":"ListItem","position":1,"name":"Home","item":"https:\/\/aircairo.gmtravelsolution.com\/"},{"@type":"ListItem","position":2,"name":"negozio","item":"https:\/\/aircairo.gmtravelsolution.com\/it\/shop\/"},{"@type":"ListItem","position":3,"name":"Corsia Preferenziale Royal Sharm El Sheikh"}]},{"@type":"WebSite","@id":"https:\/\/aircairo.gmtravelsolution.com\/#website","url":"https:\/\/aircairo.gmtravelsolution.com\/","name":"Global Marketing","description":"Travel Solution","potentialAction":[{"@type":"SearchAction","target":{"@type":"EntryPoint","urlTemplate":"https:\/\/aircairo.gmtravelsolution.com\/?s={search_term_string}"},"query-input":"required name=search_term_string"}],"inLanguage":"it-IT"}]}},"_links":{"self":[{"href":"https:\/\/aircairo.gmtravelsolution.com\/it\/wp-json\/wp\/v2\/product\/20121"}],"collection":[{"href":"https:\/\/aircairo.gmtravelsolution.com\/it\/wp-json\/wp\/v2\/product"}],"about":[{"href":"https:\/\/aircairo.gmtravelsolution.com\/it\/wp-json\/wp\/v2\/types\/product"}],"replies":[{"embeddable":true,"href":"https:\/\/aircairo.gmtravelsolution.com\/it\/wp-json\/wp\/v2\/comments?post=20121"}],"version-history":[{"count":3,"href":"https:\/\/aircairo.gmtravelsolution.com\/it\/wp-json\/wp\/v2\/product\/20121\/revisions"}],"predecessor-version":[{"id":43265,"href":"https:\/\/aircairo.gmtravelsolution.com\/it\/wp-json\/wp\/v2\/product\/20121\/revisions\/43265"}],"wp:featuredmedia":[{"embeddable":true,"href":"https:\/\/aircairo.gmtravelsolution.com\/it\/wp-json\/wp\/v2\/media\/37698"}],"wp:attachment":[{"href":"https:\/\/aircairo.gmtravelsolution.com\/it\/wp-json\/wp\/v2\/media?parent=20121"}],"wp:term":[{"taxonomy":"product_cat","embeddable":true,"href":"https:\/\/aircairo.gmtravelsolution.com\/it\/wp-json\/wp\/v2\/product_cat?post=20121"},{"taxonomy":"product_tag","embeddable":true,"href":"https:\/\/aircairo.gmtravelsolution.com\/it\/wp-json\/wp\/v2\/product_tag?post=20121"}],"curies":[{"name":"wp","href":"https:\/\/api.w.org\/{rel}","templated":true}]}}