{"id":42454,"date":"2025-05-22T06:11:29","date_gmt":"2025-05-22T04:11:29","guid":{"rendered":"https:\/\/aircairo.gmtravelsolution.com\/products\/fast-track-royal-borg-el-arab\/"},"modified":"2026-01-01T15:02:56","modified_gmt":"2026-01-01T13:02:56","slug":"fast-track-royal-borg-el-arab","status":"publish","type":"product","link":"https:\/\/aircairo.gmtravelsolution.com\/de\/products\/fast-track-royal-borg-el-arab\/","title":{"rendered":"K\u00f6niglicher Schnellweg Borg El Arab"},"content":{"rendered":"<p><span style=\"color: #339966;\"><span style=\"color: #333333;\">Preis der Dienstleistung abh\u00e4ngig von der Anzahl der Passagiere:<br \/>\n1) Gruppe von 1 bis 5 Passagieren:<\/span>\u00a0<\/span><strong><span style=\"color: #339966;\"> 700$<\/span><\/strong> f\u00fcr den ersten Passagier + <strong><span style=\"color: #ff9900;\">\u00a0100$<\/span><\/strong> f\u00fcr jeden weiteren Passagier<br \/>\n<span style=\"color: #339966;\"><span style=\"color: #333333;\">2) Gruppe von 6 bis 10 Passagieren:<\/span>\u00a0<\/span><strong><span style=\"color: #339966;\"> 800$<\/span><\/strong> f\u00fcr den ersten Passagier + <strong><span style=\"color: #ff9900;\">\u00a0100$<\/span><\/strong> f\u00fcr jeden weiteren Passagier<br \/>\n3) <span style=\"color: #339966;\"><span style=\"color: #333333;\">Gruppe von 11 bis 20 Passagieren:<\/span>\u00a0<\/span><strong><span style=\"color: #339966;\"> 850$<\/span><\/strong> f\u00fcr den ersten Passagier + <strong><span style=\"color: #ff9900;\">\u00a0150$<\/span><\/strong> f\u00fcr jeden weiteren Passagier<\/p>\n<p><strong>Ankunft<\/strong><\/p>\n<p>Steigen Sie aus dem Flugzeug und betreten Sie eine Welt des pers\u00f6nlichen Service. Unser freundlicher Begr\u00fc\u00dfer, der ein Schild mit Ihrem Namen h\u00e4lt, erwartet Sie gespannt an den Flugzeugt\u00fcren. Lassen Sie sich von ihm in die private Lounge bringen, wo die Einreiseformalit\u00e4ten nahtlos abgewickelt werden, w\u00e4hrend Sie sich entspannt zur\u00fccklehnen.<\/p>\n<p><strong>Lounge-Einrichtungen:<\/strong><\/p>\n<ul>\n<li>Verschiedene Snacks und alkoholfreie Getr\u00e4nke.<\/li>\n<li>Raucherbereich.<\/li>\n<li>Private Toiletten.<\/li>\n<li>Bequeme Sitzgelegenheiten.<\/li>\n<li>Fluganzeigetafel.<\/li>\n<\/ul>\n<p>Keine Sorge um Ihr Gep\u00e4ck \u2013 unser aufmerksames Personal k\u00fcmmert sich darum. Sobald alle Ankunftsverfahren abgeschlossen sind, begleitet Sie unser Vertreter zu Ihrem Transportmittel.<\/p>\n<p><strong>Abflug<\/strong><\/p>\n<p>Sobald Sie am Flughafen Borg El Arab ankommen, wird Sie unser freundlicher Begr\u00fc\u00dfer am privaten Eingang der privaten Halle treffen und Sie hinein begleiten. Alle Abflugverfahren werden nahtlos von unserem Agenten abgewickelt, w\u00e4hrend Sie Privatsph\u00e4re und Komfort in der privaten Halle genie\u00dfen.<\/p>\n<p>Wenn das Boarding angek\u00fcndigt wird, werden Sie privat zur Flugzeugt\u00fcr begleitet, um sicherzustellen, dass Ihre Reise au\u00dfergew\u00f6hnlich ist.<\/p>\n<p><strong>Lounge-Einrichtungen:<\/strong><\/p>\n<ul>\n<li>Verschiedene Snacks und alkoholfreie Getr\u00e4nke.<\/li>\n<li>Raucherbereich.<\/li>\n<li>Private Toiletten.<\/li>\n<li>Bequeme Sitzgelegenheiten.<\/li>\n<li>Fluganzeigetafel.<\/li>\n<\/ul>\n","protected":false},"excerpt":{"rendered":"<p>Preis der Dienstleistung abh\u00e4ngig von der Anzahl der Passagiere: 1) Gruppe von 1 bis 5 Passagieren:\u00a0 700$ f\u00fcr den ersten<\/p>\n","protected":false},"featured_media":42365,"comment_status":"open","ping_status":"closed","template":"","meta":{"_mi_skip_tracking":false},"product_cat":[1211,1254],"product_tag":[],"yoast_head":"<!-- This site is optimized with the Yoast SEO Premium plugin v21.5 (Yoast SEO v21.5) - https:\/\/yoast.com\/wordpress\/plugins\/seo\/ -->\n<title>K\u00f6niglicher Schnellweg Borg El Arab - Global Marketing<\/title>\n<meta name=\"robots\" content=\"index, follow, max-snippet:-1, max-image-preview:large, max-video-preview:-1\" \/>\n<link rel=\"canonical\" href=\"https:\/\/aircairo.gmtravelsolution.com\/de\/products\/fast-track-royal-borg-el-arab\/\" \/>\n<meta property=\"og:locale\" content=\"de_DE\" \/>\n<meta property=\"og:type\" content=\"article\" \/>\n<meta property=\"og:title\" content=\"K\u00f6niglicher Schnellweg Borg El Arab\" \/>\n<meta property=\"og:description\" content=\"Preis der Dienstleistung abh\u00e4ngig von der Anzahl der Passagiere: 1) Gruppe von 1 bis 5 Passagieren:\u00a0 700$ f\u00fcr den ersten\" \/>\n<meta property=\"og:url\" content=\"https:\/\/aircairo.gmtravelsolution.com\/de\/products\/fast-track-royal-borg-el-arab\/\" \/>\n<meta property=\"og:site_name\" content=\"Global Marketing\" \/>\n<meta property=\"article:modified_time\" content=\"2026-01-01T13:02:56+00:00\" \/>\n<meta property=\"og:image\" content=\"https:\/\/aircairo.gmtravelsolution.com\/wp-content\/uploads\/2025\/05\/borg-el-arab-egypt-airports-services-1.png\" \/>\n\t<meta property=\"og:image:width\" content=\"768\" \/>\n\t<meta property=\"og:image:height\" content=\"392\" \/>\n\t<meta property=\"og:image:type\" content=\"image\/png\" \/>\n<meta name=\"twitter:card\" content=\"summary_large_image\" \/>\n<meta name=\"twitter:label1\" content=\"Gesch\u00e4tzte Lesezeit\" \/>\n\t<meta name=\"twitter:data1\" content=\"1\u00a0Minute\" \/>\n<script type=\"application\/ld+json\" class=\"yoast-schema-graph\">{\"@context\":\"https:\/\/schema.org\",\"@graph\":[{\"@type\":\"WebPage\",\"@id\":\"https:\/\/aircairo.gmtravelsolution.com\/de\/products\/fast-track-royal-borg-el-arab\/\",\"url\":\"https:\/\/aircairo.gmtravelsolution.com\/de\/products\/fast-track-royal-borg-el-arab\/\",\"name\":\"K\u00f6niglicher Schnellweg Borg El Arab - Global Marketing\",\"isPartOf\":{\"@id\":\"https:\/\/aircairo.gmtravelsolution.com\/#website\"},\"datePublished\":\"2025-05-22T04:11:29+00:00\",\"dateModified\":\"2026-01-01T13:02:56+00:00\",\"breadcrumb\":{\"@id\":\"https:\/\/aircairo.gmtravelsolution.com\/de\/products\/fast-track-royal-borg-el-arab\/#breadcrumb\"},\"inLanguage\":\"de\",\"potentialAction\":[{\"@type\":\"ReadAction\",\"target\":[\"https:\/\/aircairo.gmtravelsolution.com\/de\/products\/fast-track-royal-borg-el-arab\/\"]}]},{\"@type\":\"BreadcrumbList\",\"@id\":\"https:\/\/aircairo.gmtravelsolution.com\/de\/products\/fast-track-royal-borg-el-arab\/#breadcrumb\",\"itemListElement\":[{\"@type\":\"ListItem\",\"position\":1,\"name\":\"Home\",\"item\":\"https:\/\/aircairo.gmtravelsolution.com\/\"},{\"@type\":\"ListItem\",\"position\":2,\"name\":\"Gesch\u00e4ft\",\"item\":\"https:\/\/aircairo.gmtravelsolution.com\/de\/shop\/\"},{\"@type\":\"ListItem\",\"position\":3,\"name\":\"K\u00f6niglicher Schnellweg Borg El Arab\"}]},{\"@type\":\"WebSite\",\"@id\":\"https:\/\/aircairo.gmtravelsolution.com\/#website\",\"url\":\"https:\/\/aircairo.gmtravelsolution.com\/\",\"name\":\"Global Marketing\",\"description\":\"Travel Solution\",\"potentialAction\":[{\"@type\":\"SearchAction\",\"target\":{\"@type\":\"EntryPoint\",\"urlTemplate\":\"https:\/\/aircairo.gmtravelsolution.com\/?s={search_term_string}\"},\"query-input\":\"required name=search_term_string\"}],\"inLanguage\":\"de\"}]}<\/script>\n<!-- \/ Yoast SEO Premium plugin. -->","yoast_head_json":{"title":"K\u00f6niglicher Schnellweg Borg El Arab - Global Marketing","robots":{"index":"index","follow":"follow","max-snippet":"max-snippet:-1","max-image-preview":"max-image-preview:large","max-video-preview":"max-video-preview:-1"},"canonical":"https:\/\/aircairo.gmtravelsolution.com\/de\/products\/fast-track-royal-borg-el-arab\/","og_locale":"de_DE","og_type":"article","og_title":"K\u00f6niglicher Schnellweg Borg El Arab","og_description":"Preis der Dienstleistung abh\u00e4ngig von der Anzahl der Passagiere: 1) Gruppe von 1 bis 5 Passagieren:\u00a0 700$ f\u00fcr den ersten","og_url":"https:\/\/aircairo.gmtravelsolution.com\/de\/products\/fast-track-royal-borg-el-arab\/","og_site_name":"Global Marketing","article_modified_time":"2026-01-01T13:02:56+00:00","og_image":[{"width":768,"height":392,"url":"https:\/\/aircairo.gmtravelsolution.com\/wp-content\/uploads\/2025\/05\/borg-el-arab-egypt-airports-services-1.png","type":"image\/png"}],"twitter_card":"summary_large_image","twitter_misc":{"Gesch\u00e4tzte Lesezeit":"1\u00a0Minute"},"schema":{"@context":"https:\/\/schema.org","@graph":[{"@type":"WebPage","@id":"https:\/\/aircairo.gmtravelsolution.com\/de\/products\/fast-track-royal-borg-el-arab\/","url":"https:\/\/aircairo.gmtravelsolution.com\/de\/products\/fast-track-royal-borg-el-arab\/","name":"K\u00f6niglicher Schnellweg Borg El Arab - Global Marketing","isPartOf":{"@id":"https:\/\/aircairo.gmtravelsolution.com\/#website"},"datePublished":"2025-05-22T04:11:29+00:00","dateModified":"2026-01-01T13:02:56+00:00","breadcrumb":{"@id":"https:\/\/aircairo.gmtravelsolution.com\/de\/products\/fast-track-royal-borg-el-arab\/#breadcrumb"},"inLanguage":"de","potentialAction":[{"@type":"ReadAction","target":["https:\/\/aircairo.gmtravelsolution.com\/de\/products\/fast-track-royal-borg-el-arab\/"]}]},{"@type":"BreadcrumbList","@id":"https:\/\/aircairo.gmtravelsolution.com\/de\/products\/fast-track-royal-borg-el-arab\/#breadcrumb","itemListElement":[{"@type":"ListItem","position":1,"name":"Home","item":"https:\/\/aircairo.gmtravelsolution.com\/"},{"@type":"ListItem","position":2,"name":"Gesch\u00e4ft","item":"https:\/\/aircairo.gmtravelsolution.com\/de\/shop\/"},{"@type":"ListItem","position":3,"name":"K\u00f6niglicher Schnellweg Borg El Arab"}]},{"@type":"WebSite","@id":"https:\/\/aircairo.gmtravelsolution.com\/#website","url":"https:\/\/aircairo.gmtravelsolution.com\/","name":"Global Marketing","description":"Travel Solution","potentialAction":[{"@type":"SearchAction","target":{"@type":"EntryPoint","urlTemplate":"https:\/\/aircairo.gmtravelsolution.com\/?s={search_term_string}"},"query-input":"required name=search_term_string"}],"inLanguage":"de"}]}},"_links":{"self":[{"href":"https:\/\/aircairo.gmtravelsolution.com\/de\/wp-json\/wp\/v2\/product\/42454"}],"collection":[{"href":"https:\/\/aircairo.gmtravelsolution.com\/de\/wp-json\/wp\/v2\/product"}],"about":[{"href":"https:\/\/aircairo.gmtravelsolution.com\/de\/wp-json\/wp\/v2\/types\/product"}],"replies":[{"embeddable":true,"href":"https:\/\/aircairo.gmtravelsolution.com\/de\/wp-json\/wp\/v2\/comments?post=42454"}],"version-history":[{"count":3,"href":"https:\/\/aircairo.gmtravelsolution.com\/de\/wp-json\/wp\/v2\/product\/42454\/revisions"}],"predecessor-version":[{"id":43325,"href":"https:\/\/aircairo.gmtravelsolution.com\/de\/wp-json\/wp\/v2\/product\/42454\/revisions\/43325"}],"wp:featuredmedia":[{"embeddable":true,"href":"https:\/\/aircairo.gmtravelsolution.com\/de\/wp-json\/wp\/v2\/media\/42365"}],"wp:attachment":[{"href":"https:\/\/aircairo.gmtravelsolution.com\/de\/wp-json\/wp\/v2\/media?parent=42454"}],"wp:term":[{"taxonomy":"product_cat","embeddable":true,"href":"https:\/\/aircairo.gmtravelsolution.com\/de\/wp-json\/wp\/v2\/product_cat?post=42454"},{"taxonomy":"product_tag","embeddable":true,"href":"https:\/\/aircairo.gmtravelsolution.com\/de\/wp-json\/wp\/v2\/product_tag?post=42454"}],"curies":[{"name":"wp","href":"https:\/\/api.w.org\/{rel}","templated":true}]}}