{"id":42334,"date":"2025-05-20T18:10:18","date_gmt":"2025-05-20T16:10:18","guid":{"rendered":"https:\/\/aircairo.gmtravelsolution.com\/products\/fast-track-gold-borg-el-arab\/"},"modified":"2026-01-01T14:50:46","modified_gmt":"2026-01-01T12:50:46","slug":"fast-track-gold-borg-el-arab","status":"publish","type":"product","link":"https:\/\/aircairo.gmtravelsolution.com\/de\/products\/fast-track-gold-borg-el-arab\/","title":{"rendered":"Schnelle Wege Gold Borg El Arab"},"content":{"rendered":"<ul class=\"ak-ul\" data-prosemirror-content-type=\"node\" data-prosemirror-node-name=\"bulletList\" data-prosemirror-node-block=\"true\" data-pm-slice=\"3 3 []\">\n<li data-prosemirror-content-type=\"node\" data-prosemirror-node-name=\"listItem\" data-prosemirror-node-block=\"true\">Erster Erwachsener Kosten <strong><span style=\"color: #339966;\">200$<\/span><\/strong> (Jeder weitere Erwachsene und Kinder kosten <strong><span style=\"color: #ff9900;\">70$\/40$ Abfahrt \/ Ankunft<\/span><\/strong>; Kleinkinder jeweils <strong><span style=\"color: #ff9900;\">40$<\/span><\/strong>).Erwachsene: 12+ Jahre \/\/\/ Kinder: 2 &#8211; 11.99 Jahre \/\/\/ Kleinkinder: 0 &#8211; 1.99 Jahre.Machen Sie Ihre Reise privater und luxuri\u00f6ser und reisen Sie mit einem privaten Bus von\/zu Ihrer Flugzeugt\u00fcr. Nachdem alle Formalit\u00e4ten f\u00fcr die Business- oder Economy-Klasse sehr schnell erledigt sind, begleitet Sie unser Mitarbeiter zur VIP-Lounge, wo Sie sich vor Ihrem Abflug entspannen k\u00f6nnen oder w\u00e4hrend der Gep\u00e4cktr\u00e4ger bei Ihrer Ankunft Ihr Gep\u00e4ck abholt.\n<p>Abflug: Sie werden von einem unserer h\u00f6flichen Mitarbeiter und einem Gep\u00e4cktr\u00e4gerassistenten mit einem Willkommensschild mit Ihrem Namen am Eingang des Abflugterminals empfangen. Unser Mitarbeiter erledigt alle Abflugprozeduren, \u00fcberspringt die Warteschlangen und begleitet Sie zur Lounge. Wenn das Boarding angek\u00fcndigt wird, werden Sie mit dem privaten Bus zum Flugzeug gebracht.<\/p>\n<p>Ankunft: Wir holen Sie an der Flugzeugt\u00fcr ab, fahren Sie in einem privaten Bus zur Ankunftshalle, beschleunigen die Passkontrolle, anschlie\u00dfend holt der Gep\u00e4cktr\u00e4ger Ihr Gep\u00e4ck ab, hilft Ihnen bei der Zollkontrolle und begleitet Sie anschlie\u00dfend zu Ihrem Transfer.<\/p>\n<p>&nbsp;<\/li>\n<\/ul>\n","protected":false},"excerpt":{"rendered":"<p><span style=\"font-size: 14pt; color: #ff0000;\">Dieser Service ist nur im Terminal 2 verf\u00fcgbar<\/span><\/p>\n","protected":false},"featured_media":41508,"comment_status":"open","ping_status":"closed","template":"","meta":{"_mi_skip_tracking":false},"product_cat":[1211,1254,1258],"product_tag":[],"yoast_head":"<!-- This site is optimized with the Yoast SEO Premium plugin v21.5 (Yoast SEO v21.5) - https:\/\/yoast.com\/wordpress\/plugins\/seo\/ -->\n<title>Schnelle Wege Gold Borg El Arab - Global Marketing<\/title>\n<meta name=\"robots\" content=\"index, follow, max-snippet:-1, max-image-preview:large, max-video-preview:-1\" \/>\n<link rel=\"canonical\" href=\"https:\/\/aircairo.gmtravelsolution.com\/de\/products\/fast-track-gold-borg-el-arab\/\" \/>\n<meta property=\"og:locale\" content=\"de_DE\" \/>\n<meta property=\"og:type\" content=\"article\" \/>\n<meta property=\"og:title\" content=\"Schnelle Wege Gold Borg El Arab\" \/>\n<meta property=\"og:description\" content=\"Dieser Service ist nur im Terminal 2 verf\u00fcgbar\" \/>\n<meta property=\"og:url\" content=\"https:\/\/aircairo.gmtravelsolution.com\/de\/products\/fast-track-gold-borg-el-arab\/\" \/>\n<meta property=\"og:site_name\" content=\"Global Marketing\" \/>\n<meta property=\"article:modified_time\" content=\"2026-01-01T12:50:46+00:00\" \/>\n<meta property=\"og:image\" content=\"https:\/\/aircairo.gmtravelsolution.com\/wp-content\/uploads\/2025\/05\/Meet-and-assist-diamond-2.jpg\" \/>\n\t<meta property=\"og:image:width\" content=\"768\" \/>\n\t<meta property=\"og:image:height\" content=\"392\" \/>\n\t<meta property=\"og:image:type\" content=\"image\/jpeg\" \/>\n<meta name=\"twitter:card\" content=\"summary_large_image\" \/>\n<meta name=\"twitter:label1\" content=\"Gesch\u00e4tzte Lesezeit\" \/>\n\t<meta name=\"twitter:data1\" content=\"1\u00a0Minute\" \/>\n<script type=\"application\/ld+json\" class=\"yoast-schema-graph\">{\"@context\":\"https:\/\/schema.org\",\"@graph\":[{\"@type\":\"WebPage\",\"@id\":\"https:\/\/aircairo.gmtravelsolution.com\/de\/products\/fast-track-gold-borg-el-arab\/\",\"url\":\"https:\/\/aircairo.gmtravelsolution.com\/de\/products\/fast-track-gold-borg-el-arab\/\",\"name\":\"Schnelle Wege Gold Borg El Arab - Global Marketing\",\"isPartOf\":{\"@id\":\"https:\/\/aircairo.gmtravelsolution.com\/#website\"},\"datePublished\":\"2025-05-20T16:10:18+00:00\",\"dateModified\":\"2026-01-01T12:50:46+00:00\",\"breadcrumb\":{\"@id\":\"https:\/\/aircairo.gmtravelsolution.com\/de\/products\/fast-track-gold-borg-el-arab\/#breadcrumb\"},\"inLanguage\":\"de\",\"potentialAction\":[{\"@type\":\"ReadAction\",\"target\":[\"https:\/\/aircairo.gmtravelsolution.com\/de\/products\/fast-track-gold-borg-el-arab\/\"]}]},{\"@type\":\"BreadcrumbList\",\"@id\":\"https:\/\/aircairo.gmtravelsolution.com\/de\/products\/fast-track-gold-borg-el-arab\/#breadcrumb\",\"itemListElement\":[{\"@type\":\"ListItem\",\"position\":1,\"name\":\"Home\",\"item\":\"https:\/\/aircairo.gmtravelsolution.com\/\"},{\"@type\":\"ListItem\",\"position\":2,\"name\":\"Gesch\u00e4ft\",\"item\":\"https:\/\/aircairo.gmtravelsolution.com\/de\/shop\/\"},{\"@type\":\"ListItem\",\"position\":3,\"name\":\"Schnelle Wege Gold Borg El Arab\"}]},{\"@type\":\"WebSite\",\"@id\":\"https:\/\/aircairo.gmtravelsolution.com\/#website\",\"url\":\"https:\/\/aircairo.gmtravelsolution.com\/\",\"name\":\"Global Marketing\",\"description\":\"Travel Solution\",\"potentialAction\":[{\"@type\":\"SearchAction\",\"target\":{\"@type\":\"EntryPoint\",\"urlTemplate\":\"https:\/\/aircairo.gmtravelsolution.com\/?s={search_term_string}\"},\"query-input\":\"required name=search_term_string\"}],\"inLanguage\":\"de\"}]}<\/script>\n<!-- \/ Yoast SEO Premium plugin. -->","yoast_head_json":{"title":"Schnelle Wege Gold Borg El Arab - Global Marketing","robots":{"index":"index","follow":"follow","max-snippet":"max-snippet:-1","max-image-preview":"max-image-preview:large","max-video-preview":"max-video-preview:-1"},"canonical":"https:\/\/aircairo.gmtravelsolution.com\/de\/products\/fast-track-gold-borg-el-arab\/","og_locale":"de_DE","og_type":"article","og_title":"Schnelle Wege Gold Borg El Arab","og_description":"Dieser Service ist nur im Terminal 2 verf\u00fcgbar","og_url":"https:\/\/aircairo.gmtravelsolution.com\/de\/products\/fast-track-gold-borg-el-arab\/","og_site_name":"Global Marketing","article_modified_time":"2026-01-01T12:50:46+00:00","og_image":[{"width":768,"height":392,"url":"https:\/\/aircairo.gmtravelsolution.com\/wp-content\/uploads\/2025\/05\/Meet-and-assist-diamond-2.jpg","type":"image\/jpeg"}],"twitter_card":"summary_large_image","twitter_misc":{"Gesch\u00e4tzte Lesezeit":"1\u00a0Minute"},"schema":{"@context":"https:\/\/schema.org","@graph":[{"@type":"WebPage","@id":"https:\/\/aircairo.gmtravelsolution.com\/de\/products\/fast-track-gold-borg-el-arab\/","url":"https:\/\/aircairo.gmtravelsolution.com\/de\/products\/fast-track-gold-borg-el-arab\/","name":"Schnelle Wege Gold Borg El Arab - Global Marketing","isPartOf":{"@id":"https:\/\/aircairo.gmtravelsolution.com\/#website"},"datePublished":"2025-05-20T16:10:18+00:00","dateModified":"2026-01-01T12:50:46+00:00","breadcrumb":{"@id":"https:\/\/aircairo.gmtravelsolution.com\/de\/products\/fast-track-gold-borg-el-arab\/#breadcrumb"},"inLanguage":"de","potentialAction":[{"@type":"ReadAction","target":["https:\/\/aircairo.gmtravelsolution.com\/de\/products\/fast-track-gold-borg-el-arab\/"]}]},{"@type":"BreadcrumbList","@id":"https:\/\/aircairo.gmtravelsolution.com\/de\/products\/fast-track-gold-borg-el-arab\/#breadcrumb","itemListElement":[{"@type":"ListItem","position":1,"name":"Home","item":"https:\/\/aircairo.gmtravelsolution.com\/"},{"@type":"ListItem","position":2,"name":"Gesch\u00e4ft","item":"https:\/\/aircairo.gmtravelsolution.com\/de\/shop\/"},{"@type":"ListItem","position":3,"name":"Schnelle Wege Gold Borg El Arab"}]},{"@type":"WebSite","@id":"https:\/\/aircairo.gmtravelsolution.com\/#website","url":"https:\/\/aircairo.gmtravelsolution.com\/","name":"Global Marketing","description":"Travel Solution","potentialAction":[{"@type":"SearchAction","target":{"@type":"EntryPoint","urlTemplate":"https:\/\/aircairo.gmtravelsolution.com\/?s={search_term_string}"},"query-input":"required name=search_term_string"}],"inLanguage":"de"}]}},"_links":{"self":[{"href":"https:\/\/aircairo.gmtravelsolution.com\/de\/wp-json\/wp\/v2\/product\/42334"}],"collection":[{"href":"https:\/\/aircairo.gmtravelsolution.com\/de\/wp-json\/wp\/v2\/product"}],"about":[{"href":"https:\/\/aircairo.gmtravelsolution.com\/de\/wp-json\/wp\/v2\/types\/product"}],"replies":[{"embeddable":true,"href":"https:\/\/aircairo.gmtravelsolution.com\/de\/wp-json\/wp\/v2\/comments?post=42334"}],"version-history":[{"count":4,"href":"https:\/\/aircairo.gmtravelsolution.com\/de\/wp-json\/wp\/v2\/product\/42334\/revisions"}],"predecessor-version":[{"id":43316,"href":"https:\/\/aircairo.gmtravelsolution.com\/de\/wp-json\/wp\/v2\/product\/42334\/revisions\/43316"}],"wp:featuredmedia":[{"embeddable":true,"href":"https:\/\/aircairo.gmtravelsolution.com\/de\/wp-json\/wp\/v2\/media\/41508"}],"wp:attachment":[{"href":"https:\/\/aircairo.gmtravelsolution.com\/de\/wp-json\/wp\/v2\/media?parent=42334"}],"wp:term":[{"taxonomy":"product_cat","embeddable":true,"href":"https:\/\/aircairo.gmtravelsolution.com\/de\/wp-json\/wp\/v2\/product_cat?post=42334"},{"taxonomy":"product_tag","embeddable":true,"href":"https:\/\/aircairo.gmtravelsolution.com\/de\/wp-json\/wp\/v2\/product_tag?post=42334"}],"curies":[{"name":"wp","href":"https:\/\/api.w.org\/{rel}","templated":true}]}}