{"id":40381,"date":"2024-09-11T09:25:33","date_gmt":"2024-09-11T07:25:35","guid":{"rendered":"https:\/\/aircairo.gmtravelsolution.com\/?post_type=product&#038;p=40381"},"modified":"2026-01-01T17:57:40","modified_gmt":"2026-01-01T15:57:40","slug":"schnelle-wege-gold-el-alamein","status":"publish","type":"product","link":"https:\/\/aircairo.gmtravelsolution.com\/de\/products\/schnelle-wege-gold-el-alamein\/","title":{"rendered":"Schnelle Wege Gold El Alamein"},"content":{"rendered":"<p>Erster Erwachsener Kosten <strong><span style=\"color: #339966;\">200$<\/span><\/strong> (Jeder weitere Erwachsene und Kinder kosten <strong><span style=\"color: #ff9900;\">75$<\/span><\/strong>; Kleinkinder jeweils <strong><span style=\"color: #ff9900;\">40$<\/span><\/strong>).<\/p>\n<p>Erwachsene: 12+ Jahre \/\/\/ Kinder: 2 &#8211; 11.99 Jahre \/\/\/ Kleinkinder: 0 &#8211; 1.99 Jahre<\/p>\n<p>Machen Sie Ihre Reise privater und luxuri\u00f6ser und reisen Sie mit einem privaten Bus von\/zu Ihrer Flugzeugt\u00fcr. Nachdem alle Formalit\u00e4ten f\u00fcr die Business- oder Economy-Klasse sehr schnell erledigt sind, begleitet Sie unser Mitarbeiter zur VIP-Lounge, wo Sie sich vor Ihrem Abflug entspannen k\u00f6nnen oder w\u00e4hrend der Gep\u00e4cktr\u00e4ger bei Ihrer Ankunft Ihr Gep\u00e4ck abholt.<\/p>\n<p>Abflug: Sie werden von einem unserer h\u00f6flichen Mitarbeiter und einem Gep\u00e4cktr\u00e4gerassistenten mit einem Willkommensschild mit Ihrem Namen am Eingang des Abflugterminals empfangen. Unser Mitarbeiter erledigt alle Abflugprozeduren, \u00fcberspringt die Warteschlangen und begleitet Sie zur Lounge. Wenn das Boarding angek\u00fcndigt wird, werden Sie mit dem privaten Bus zum Flugzeug gebracht.<\/p>\n<p>Ankunft: Sie werden von unserem Mitarbeiter an der Flugzeugt\u00fcr empfangen und dann mit einem privaten Bus zur Ankunftshalle gebracht. Der Mitarbeiter f\u00fcllt Ihre Einreisekarte aus und f\u00fchrt Sie ohne Warteschlangen durch die Passkontrolle. Danach werden Sie zur Lounge begleitet, w\u00e4hrend der Gep\u00e4cktr\u00e4ger sich um Ihr Gep\u00e4ck k\u00fcmmert. Wenn Ihr Gep\u00e4ck abgeholt wurde, werden Sie bei der Zollkontrolle unterst\u00fctzt und zu Ihrem Transfer begleitet.<\/p>\n<p>&nbsp;<\/p>\n","protected":false},"excerpt":{"rendered":"<p>Erster Erwachsener Kosten 200$ (Jeder weitere Erwachsene und Kinder kosten 75$; Kleinkinder jeweils 40$). Erwachsene: 12+ Jahre \/\/\/ Kinder: 2<\/p>\n","protected":false},"featured_media":40566,"comment_status":"open","ping_status":"closed","template":"","meta":{"_mi_skip_tracking":false},"product_cat":[1211,506],"product_tag":[1234,507,508],"yoast_head":"<!-- This site is optimized with the Yoast SEO Premium plugin v21.5 (Yoast SEO v21.5) - https:\/\/yoast.com\/wordpress\/plugins\/seo\/ -->\n<title>Schnelle Wege Gold El Alamein - Global Marketing<\/title>\n<meta name=\"robots\" content=\"index, follow, max-snippet:-1, max-image-preview:large, max-video-preview:-1\" \/>\n<link rel=\"canonical\" href=\"https:\/\/aircairo.gmtravelsolution.com\/de\/products\/schnelle-wege-gold-el-alamein\/\" \/>\n<meta property=\"og:locale\" content=\"de_DE\" \/>\n<meta property=\"og:type\" content=\"article\" \/>\n<meta property=\"og:title\" content=\"Schnelle Wege Gold El Alamein\" \/>\n<meta property=\"og:description\" content=\"Erster Erwachsener Kosten 200$ (Jeder weitere Erwachsene und Kinder kosten 75$; Kleinkinder jeweils 40$). Erwachsene: 12+ Jahre \/\/\/ Kinder: 2\" \/>\n<meta property=\"og:url\" content=\"https:\/\/aircairo.gmtravelsolution.com\/de\/products\/schnelle-wege-gold-el-alamein\/\" \/>\n<meta property=\"og:site_name\" content=\"Global Marketing\" \/>\n<meta property=\"article:modified_time\" content=\"2026-01-01T15:57:40+00:00\" \/>\n<meta property=\"og:image\" content=\"https:\/\/aircairo.gmtravelsolution.com\/wp-content\/uploads\/2024\/09\/Meet-and-assist-diamond-4-1.jpg\" \/>\n\t<meta property=\"og:image:width\" content=\"768\" \/>\n\t<meta property=\"og:image:height\" content=\"392\" \/>\n\t<meta property=\"og:image:type\" content=\"image\/jpeg\" \/>\n<meta name=\"twitter:card\" content=\"summary_large_image\" \/>\n<meta name=\"twitter:label1\" content=\"Gesch\u00e4tzte Lesezeit\" \/>\n\t<meta name=\"twitter:data1\" content=\"1\u00a0Minute\" \/>\n<script type=\"application\/ld+json\" class=\"yoast-schema-graph\">{\"@context\":\"https:\/\/schema.org\",\"@graph\":[{\"@type\":\"WebPage\",\"@id\":\"https:\/\/aircairo.gmtravelsolution.com\/de\/products\/schnelle-wege-gold-el-alamein\/\",\"url\":\"https:\/\/aircairo.gmtravelsolution.com\/de\/products\/schnelle-wege-gold-el-alamein\/\",\"name\":\"Schnelle Wege Gold El Alamein - Global Marketing\",\"isPartOf\":{\"@id\":\"https:\/\/aircairo.gmtravelsolution.com\/#website\"},\"datePublished\":\"2024-09-11T07:25:35+00:00\",\"dateModified\":\"2026-01-01T15:57:40+00:00\",\"breadcrumb\":{\"@id\":\"https:\/\/aircairo.gmtravelsolution.com\/de\/products\/schnelle-wege-gold-el-alamein\/#breadcrumb\"},\"inLanguage\":\"de\",\"potentialAction\":[{\"@type\":\"ReadAction\",\"target\":[\"https:\/\/aircairo.gmtravelsolution.com\/de\/products\/schnelle-wege-gold-el-alamein\/\"]}]},{\"@type\":\"BreadcrumbList\",\"@id\":\"https:\/\/aircairo.gmtravelsolution.com\/de\/products\/schnelle-wege-gold-el-alamein\/#breadcrumb\",\"itemListElement\":[{\"@type\":\"ListItem\",\"position\":1,\"name\":\"Home\",\"item\":\"https:\/\/aircairo.gmtravelsolution.com\/\"},{\"@type\":\"ListItem\",\"position\":2,\"name\":\"Gesch\u00e4ft\",\"item\":\"https:\/\/aircairo.gmtravelsolution.com\/de\/shop\/\"},{\"@type\":\"ListItem\",\"position\":3,\"name\":\"Schnelle Wege Gold El Alamein\"}]},{\"@type\":\"WebSite\",\"@id\":\"https:\/\/aircairo.gmtravelsolution.com\/#website\",\"url\":\"https:\/\/aircairo.gmtravelsolution.com\/\",\"name\":\"Global Marketing\",\"description\":\"Travel Solution\",\"potentialAction\":[{\"@type\":\"SearchAction\",\"target\":{\"@type\":\"EntryPoint\",\"urlTemplate\":\"https:\/\/aircairo.gmtravelsolution.com\/?s={search_term_string}\"},\"query-input\":\"required name=search_term_string\"}],\"inLanguage\":\"de\"}]}<\/script>\n<!-- \/ Yoast SEO Premium plugin. -->","yoast_head_json":{"title":"Schnelle Wege Gold El Alamein - Global Marketing","robots":{"index":"index","follow":"follow","max-snippet":"max-snippet:-1","max-image-preview":"max-image-preview:large","max-video-preview":"max-video-preview:-1"},"canonical":"https:\/\/aircairo.gmtravelsolution.com\/de\/products\/schnelle-wege-gold-el-alamein\/","og_locale":"de_DE","og_type":"article","og_title":"Schnelle Wege Gold El Alamein","og_description":"Erster Erwachsener Kosten 200$ (Jeder weitere Erwachsene und Kinder kosten 75$; Kleinkinder jeweils 40$). Erwachsene: 12+ Jahre \/\/\/ Kinder: 2","og_url":"https:\/\/aircairo.gmtravelsolution.com\/de\/products\/schnelle-wege-gold-el-alamein\/","og_site_name":"Global Marketing","article_modified_time":"2026-01-01T15:57:40+00:00","og_image":[{"width":768,"height":392,"url":"https:\/\/aircairo.gmtravelsolution.com\/wp-content\/uploads\/2024\/09\/Meet-and-assist-diamond-4-1.jpg","type":"image\/jpeg"}],"twitter_card":"summary_large_image","twitter_misc":{"Gesch\u00e4tzte Lesezeit":"1\u00a0Minute"},"schema":{"@context":"https:\/\/schema.org","@graph":[{"@type":"WebPage","@id":"https:\/\/aircairo.gmtravelsolution.com\/de\/products\/schnelle-wege-gold-el-alamein\/","url":"https:\/\/aircairo.gmtravelsolution.com\/de\/products\/schnelle-wege-gold-el-alamein\/","name":"Schnelle Wege Gold El Alamein - Global Marketing","isPartOf":{"@id":"https:\/\/aircairo.gmtravelsolution.com\/#website"},"datePublished":"2024-09-11T07:25:35+00:00","dateModified":"2026-01-01T15:57:40+00:00","breadcrumb":{"@id":"https:\/\/aircairo.gmtravelsolution.com\/de\/products\/schnelle-wege-gold-el-alamein\/#breadcrumb"},"inLanguage":"de","potentialAction":[{"@type":"ReadAction","target":["https:\/\/aircairo.gmtravelsolution.com\/de\/products\/schnelle-wege-gold-el-alamein\/"]}]},{"@type":"BreadcrumbList","@id":"https:\/\/aircairo.gmtravelsolution.com\/de\/products\/schnelle-wege-gold-el-alamein\/#breadcrumb","itemListElement":[{"@type":"ListItem","position":1,"name":"Home","item":"https:\/\/aircairo.gmtravelsolution.com\/"},{"@type":"ListItem","position":2,"name":"Gesch\u00e4ft","item":"https:\/\/aircairo.gmtravelsolution.com\/de\/shop\/"},{"@type":"ListItem","position":3,"name":"Schnelle Wege Gold El Alamein"}]},{"@type":"WebSite","@id":"https:\/\/aircairo.gmtravelsolution.com\/#website","url":"https:\/\/aircairo.gmtravelsolution.com\/","name":"Global Marketing","description":"Travel Solution","potentialAction":[{"@type":"SearchAction","target":{"@type":"EntryPoint","urlTemplate":"https:\/\/aircairo.gmtravelsolution.com\/?s={search_term_string}"},"query-input":"required name=search_term_string"}],"inLanguage":"de"}]}},"_links":{"self":[{"href":"https:\/\/aircairo.gmtravelsolution.com\/de\/wp-json\/wp\/v2\/product\/40381"}],"collection":[{"href":"https:\/\/aircairo.gmtravelsolution.com\/de\/wp-json\/wp\/v2\/product"}],"about":[{"href":"https:\/\/aircairo.gmtravelsolution.com\/de\/wp-json\/wp\/v2\/types\/product"}],"replies":[{"embeddable":true,"href":"https:\/\/aircairo.gmtravelsolution.com\/de\/wp-json\/wp\/v2\/comments?post=40381"}],"version-history":[{"count":3,"href":"https:\/\/aircairo.gmtravelsolution.com\/de\/wp-json\/wp\/v2\/product\/40381\/revisions"}],"predecessor-version":[{"id":43446,"href":"https:\/\/aircairo.gmtravelsolution.com\/de\/wp-json\/wp\/v2\/product\/40381\/revisions\/43446"}],"wp:featuredmedia":[{"embeddable":true,"href":"https:\/\/aircairo.gmtravelsolution.com\/de\/wp-json\/wp\/v2\/media\/40566"}],"wp:attachment":[{"href":"https:\/\/aircairo.gmtravelsolution.com\/de\/wp-json\/wp\/v2\/media?parent=40381"}],"wp:term":[{"taxonomy":"product_cat","embeddable":true,"href":"https:\/\/aircairo.gmtravelsolution.com\/de\/wp-json\/wp\/v2\/product_cat?post=40381"},{"taxonomy":"product_tag","embeddable":true,"href":"https:\/\/aircairo.gmtravelsolution.com\/de\/wp-json\/wp\/v2\/product_tag?post=40381"}],"curies":[{"name":"wp","href":"https:\/\/api.w.org\/{rel}","templated":true}]}}