{"id":33736,"date":"2023-10-31T02:50:10","date_gmt":"2023-10-31T00:50:12","guid":{"rendered":"https:\/\/aircairo.gmtravelsolution.com\/?post_type=product&#038;p=33736"},"modified":"2026-01-08T15:33:06","modified_gmt":"2026-01-08T13:33:06","slug":"schnelle-wege-gold-luxor-abflug","status":"publish","type":"product","link":"https:\/\/aircairo.gmtravelsolution.com\/de\/products\/schnelle-wege-gold-luxor-abflug\/","title":{"rendered":"Schnelle Wege Gold Luxor Abflug"},"content":{"rendered":"<p>Ankunft\/Abfahrt: Der Preis f\u00fcr die erste Person betr\u00e4gt <strong><span style=\"color: #339966;\">200$<\/span><\/strong>; jeder weitere Erwachsene oder jedes Kind: <strong><span style=\"color: #ff9900;\">70$<\/span><\/strong><\/p>\n<p>Erwachsene : 12+ Jahre \/\/\/ Kinder : 2 &#8211; 11.99 Jahre \/\/\/ Kleinkinder: 0 \u2013 1.99 Jahre<\/p>\n<p>Machen Sie Ihr Reisen privater und luxuri\u00f6ser und fahren Sie mit einem privaten Fahrzeug zu Ihrer Flugzeugt\u00fcr. Nachdem Sie alle Formalit\u00e4ten f\u00fcr Business- oder Economy-Kurse sehr schnell erledigt haben, begleitet Sie unser Agent zur VIP-Lounge, um sich vor Ihrem Flug zu entspannen und alle erforderlichen Einrichtungen zu nutzen. Anschlie\u00dfend fahren Sie mit einem privaten Fahrzeug zur Flugzeugt\u00fcr.<\/p>\n<p>Sie werden von einem unserer h\u00f6flichen Agenten empfangen, der ein Begr\u00fc\u00dfungsschild mit dem Namen des Gastes am Tor des Abflugterminals mit Portierassistent h\u00e4lt. Unser Agent erledigt alle Abflugformalit\u00e4ten ohne Warteschlange und sehr schnell an VIP-Schaltern.<\/p>\n","protected":false},"excerpt":{"rendered":"<p>Dies ist der International, wenn Sie die inl\u00e4ndisch, klicken Sie hier<\/p>\n[maxbutton id=\"1\" url=\"\/de\/products\/schnelle-wege-gold-marsa-alam-inlaendisch\/\" text=\"inl\u00e4ndisch\" ]\n","protected":false},"featured_media":40036,"comment_status":"open","ping_status":"closed","template":"","meta":{"_mi_skip_tracking":false},"product_cat":[1211,506],"product_tag":[507,543],"yoast_head":"<!-- This site is optimized with the Yoast SEO Premium plugin v21.5 (Yoast SEO v21.5) - https:\/\/yoast.com\/wordpress\/plugins\/seo\/ -->\n<title>Schnelle Wege Gold Luxor Abflug - Global Marketing<\/title>\n<meta name=\"robots\" content=\"index, follow, max-snippet:-1, max-image-preview:large, max-video-preview:-1\" \/>\n<link rel=\"canonical\" href=\"https:\/\/aircairo.gmtravelsolution.com\/de\/products\/schnelle-wege-gold-luxor-abflug\/\" \/>\n<meta property=\"og:locale\" content=\"de_DE\" \/>\n<meta property=\"og:type\" content=\"article\" \/>\n<meta property=\"og:title\" content=\"Schnelle Wege Gold Luxor Abflug\" \/>\n<meta property=\"og:description\" content=\"Dies ist der International, wenn Sie die inl\u00e4ndisch, klicken Sie hier\" \/>\n<meta property=\"og:url\" content=\"https:\/\/aircairo.gmtravelsolution.com\/de\/products\/schnelle-wege-gold-luxor-abflug\/\" \/>\n<meta property=\"og:site_name\" content=\"Global Marketing\" \/>\n<meta property=\"article:modified_time\" content=\"2026-01-08T13:33:06+00:00\" \/>\n<meta property=\"og:image\" content=\"https:\/\/aircairo.gmtravelsolution.com\/wp-content\/uploads\/2024\/09\/Meet-and-assist-diamond-10.jpg\" \/>\n\t<meta property=\"og:image:width\" content=\"768\" \/>\n\t<meta property=\"og:image:height\" content=\"392\" \/>\n\t<meta property=\"og:image:type\" content=\"image\/jpeg\" \/>\n<meta name=\"twitter:card\" content=\"summary_large_image\" \/>\n<meta name=\"twitter:label1\" content=\"Gesch\u00e4tzte Lesezeit\" \/>\n\t<meta name=\"twitter:data1\" content=\"1\u00a0Minute\" \/>\n<script type=\"application\/ld+json\" class=\"yoast-schema-graph\">{\"@context\":\"https:\/\/schema.org\",\"@graph\":[{\"@type\":\"WebPage\",\"@id\":\"https:\/\/aircairo.gmtravelsolution.com\/de\/products\/schnelle-wege-gold-luxor-abflug\/\",\"url\":\"https:\/\/aircairo.gmtravelsolution.com\/de\/products\/schnelle-wege-gold-luxor-abflug\/\",\"name\":\"Schnelle Wege Gold Luxor Abflug - Global Marketing\",\"isPartOf\":{\"@id\":\"https:\/\/aircairo.gmtravelsolution.com\/#website\"},\"datePublished\":\"2023-10-31T00:50:12+00:00\",\"dateModified\":\"2026-01-08T13:33:06+00:00\",\"breadcrumb\":{\"@id\":\"https:\/\/aircairo.gmtravelsolution.com\/de\/products\/schnelle-wege-gold-luxor-abflug\/#breadcrumb\"},\"inLanguage\":\"de\",\"potentialAction\":[{\"@type\":\"ReadAction\",\"target\":[\"https:\/\/aircairo.gmtravelsolution.com\/de\/products\/schnelle-wege-gold-luxor-abflug\/\"]}]},{\"@type\":\"BreadcrumbList\",\"@id\":\"https:\/\/aircairo.gmtravelsolution.com\/de\/products\/schnelle-wege-gold-luxor-abflug\/#breadcrumb\",\"itemListElement\":[{\"@type\":\"ListItem\",\"position\":1,\"name\":\"Home\",\"item\":\"https:\/\/aircairo.gmtravelsolution.com\/\"},{\"@type\":\"ListItem\",\"position\":2,\"name\":\"Gesch\u00e4ft\",\"item\":\"https:\/\/aircairo.gmtravelsolution.com\/de\/shop\/\"},{\"@type\":\"ListItem\",\"position\":3,\"name\":\"Schnelle Wege Gold Luxor Abflug\"}]},{\"@type\":\"WebSite\",\"@id\":\"https:\/\/aircairo.gmtravelsolution.com\/#website\",\"url\":\"https:\/\/aircairo.gmtravelsolution.com\/\",\"name\":\"Global Marketing\",\"description\":\"Travel Solution\",\"potentialAction\":[{\"@type\":\"SearchAction\",\"target\":{\"@type\":\"EntryPoint\",\"urlTemplate\":\"https:\/\/aircairo.gmtravelsolution.com\/?s={search_term_string}\"},\"query-input\":\"required name=search_term_string\"}],\"inLanguage\":\"de\"}]}<\/script>\n<!-- \/ Yoast SEO Premium plugin. -->","yoast_head_json":{"title":"Schnelle Wege Gold Luxor Abflug - Global Marketing","robots":{"index":"index","follow":"follow","max-snippet":"max-snippet:-1","max-image-preview":"max-image-preview:large","max-video-preview":"max-video-preview:-1"},"canonical":"https:\/\/aircairo.gmtravelsolution.com\/de\/products\/schnelle-wege-gold-luxor-abflug\/","og_locale":"de_DE","og_type":"article","og_title":"Schnelle Wege Gold Luxor Abflug","og_description":"Dies ist der International, wenn Sie die inl\u00e4ndisch, klicken Sie hier","og_url":"https:\/\/aircairo.gmtravelsolution.com\/de\/products\/schnelle-wege-gold-luxor-abflug\/","og_site_name":"Global Marketing","article_modified_time":"2026-01-08T13:33:06+00:00","og_image":[{"width":768,"height":392,"url":"https:\/\/aircairo.gmtravelsolution.com\/wp-content\/uploads\/2024\/09\/Meet-and-assist-diamond-10.jpg","type":"image\/jpeg"}],"twitter_card":"summary_large_image","twitter_misc":{"Gesch\u00e4tzte Lesezeit":"1\u00a0Minute"},"schema":{"@context":"https:\/\/schema.org","@graph":[{"@type":"WebPage","@id":"https:\/\/aircairo.gmtravelsolution.com\/de\/products\/schnelle-wege-gold-luxor-abflug\/","url":"https:\/\/aircairo.gmtravelsolution.com\/de\/products\/schnelle-wege-gold-luxor-abflug\/","name":"Schnelle Wege Gold Luxor Abflug - Global Marketing","isPartOf":{"@id":"https:\/\/aircairo.gmtravelsolution.com\/#website"},"datePublished":"2023-10-31T00:50:12+00:00","dateModified":"2026-01-08T13:33:06+00:00","breadcrumb":{"@id":"https:\/\/aircairo.gmtravelsolution.com\/de\/products\/schnelle-wege-gold-luxor-abflug\/#breadcrumb"},"inLanguage":"de","potentialAction":[{"@type":"ReadAction","target":["https:\/\/aircairo.gmtravelsolution.com\/de\/products\/schnelle-wege-gold-luxor-abflug\/"]}]},{"@type":"BreadcrumbList","@id":"https:\/\/aircairo.gmtravelsolution.com\/de\/products\/schnelle-wege-gold-luxor-abflug\/#breadcrumb","itemListElement":[{"@type":"ListItem","position":1,"name":"Home","item":"https:\/\/aircairo.gmtravelsolution.com\/"},{"@type":"ListItem","position":2,"name":"Gesch\u00e4ft","item":"https:\/\/aircairo.gmtravelsolution.com\/de\/shop\/"},{"@type":"ListItem","position":3,"name":"Schnelle Wege Gold Luxor Abflug"}]},{"@type":"WebSite","@id":"https:\/\/aircairo.gmtravelsolution.com\/#website","url":"https:\/\/aircairo.gmtravelsolution.com\/","name":"Global Marketing","description":"Travel Solution","potentialAction":[{"@type":"SearchAction","target":{"@type":"EntryPoint","urlTemplate":"https:\/\/aircairo.gmtravelsolution.com\/?s={search_term_string}"},"query-input":"required name=search_term_string"}],"inLanguage":"de"}]}},"_links":{"self":[{"href":"https:\/\/aircairo.gmtravelsolution.com\/de\/wp-json\/wp\/v2\/product\/33736"}],"collection":[{"href":"https:\/\/aircairo.gmtravelsolution.com\/de\/wp-json\/wp\/v2\/product"}],"about":[{"href":"https:\/\/aircairo.gmtravelsolution.com\/de\/wp-json\/wp\/v2\/types\/product"}],"replies":[{"embeddable":true,"href":"https:\/\/aircairo.gmtravelsolution.com\/de\/wp-json\/wp\/v2\/comments?post=33736"}],"version-history":[{"count":2,"href":"https:\/\/aircairo.gmtravelsolution.com\/de\/wp-json\/wp\/v2\/product\/33736\/revisions"}],"predecessor-version":[{"id":43396,"href":"https:\/\/aircairo.gmtravelsolution.com\/de\/wp-json\/wp\/v2\/product\/33736\/revisions\/43396"}],"wp:featuredmedia":[{"embeddable":true,"href":"https:\/\/aircairo.gmtravelsolution.com\/de\/wp-json\/wp\/v2\/media\/40036"}],"wp:attachment":[{"href":"https:\/\/aircairo.gmtravelsolution.com\/de\/wp-json\/wp\/v2\/media?parent=33736"}],"wp:term":[{"taxonomy":"product_cat","embeddable":true,"href":"https:\/\/aircairo.gmtravelsolution.com\/de\/wp-json\/wp\/v2\/product_cat?post=33736"},{"taxonomy":"product_tag","embeddable":true,"href":"https:\/\/aircairo.gmtravelsolution.com\/de\/wp-json\/wp\/v2\/product_tag?post=33736"}],"curies":[{"name":"wp","href":"https:\/\/api.w.org\/{rel}","templated":true}]}}