{"id":20100,"date":"2022-04-30T21:11:17","date_gmt":"2022-04-30T19:11:53","guid":{"rendered":"https:\/\/aircairo.gmtravelsolution.com\/?post_type=product&#038;p=20100"},"modified":"2026-01-01T12:43:23","modified_gmt":"2026-01-01T10:43:23","slug":"koniglicher-schnelle-wege-sharm-el-sheikh-neu","status":"publish","type":"product","link":"https:\/\/aircairo.gmtravelsolution.com\/de\/products\/koniglicher-schnelle-wege-sharm-el-sheikh-neu\/","title":{"rendered":"K\u00f6niglicher Schnelle Wege Sharm El Sheikh"},"content":{"rendered":"<p>Von 1 &#8211; 3 Passagiere Kosten <strong><span style=\"color: #339966;\">500$<\/span><\/strong> Gesamt<br \/>\nF\u00fcr jeden weiteren Passagier je <strong><span style=\"color: #339966;\">200$<\/span><\/strong><\/p>\n<p>Luxus und Privatsph\u00e4re sind der Titel des Prinzendienstes. Sobald Ihr Flugzeug gelandet ist, werden Sie von einem unserer h\u00f6flichen Agenten empfangen, der ein Willkommensschild mit dem Namen des Gastes vor der T\u00fcr Ihres Flugzeugs h\u00e4lt. Er\/sie f\u00e4hrt Sie dann in einem Privatfahrzeug zur VIP-Lounge und genie\u00dft mit Getr\u00e4nken, Snacks, WiFi, Fernsehen, wartet darauf, dass unser Agent alle Formalit\u00e4ten erledigt (f\u00fcllen Sie Ihre immigrationKarte, Visum bei der Ankunft (falls erforderlich), stempeln Sie Ihren Pass auf die Passkontrolle, holen Sie Ihr Gep\u00e4ck ab) sehr schnell. Am Ende begleitet Sie unser Vertreter zur Ankunftshalle, zum Fahrzeug oder zu den Familienmitgliedern, die auf Ihre Ankunft warten.<\/p>\n","protected":false},"excerpt":{"rendered":"<p>Von 1 &#8211; 3 Passagiere Kosten <strong><span style=\"color: #339966;\">400$<\/span><\/strong> Gesamt<br \/>\nF\u00fcr jeden weiteren Passagier je <strong><span style=\"color: #339966;\">150$<\/span><\/strong><\/p>\n","protected":false},"featured_media":37695,"comment_status":"open","ping_status":"closed","template":"","meta":{"_mi_skip_tracking":false},"product_cat":[1211,785],"product_tag":[507,544,509],"yoast_head":"<!-- This site is optimized with the Yoast SEO Premium plugin v21.5 (Yoast SEO v21.5) - https:\/\/yoast.com\/wordpress\/plugins\/seo\/ -->\n<title>K\u00f6niglicher Schnelle Wege Sharm El Sheikh - Global Marketing<\/title>\n<meta name=\"robots\" content=\"index, follow, max-snippet:-1, max-image-preview:large, max-video-preview:-1\" \/>\n<link rel=\"canonical\" href=\"https:\/\/aircairo.gmtravelsolution.com\/de\/products\/koniglicher-schnelle-wege-sharm-el-sheikh-neu\/\" \/>\n<meta property=\"og:locale\" content=\"de_DE\" \/>\n<meta property=\"og:type\" content=\"article\" \/>\n<meta property=\"og:title\" content=\"K\u00f6niglicher Schnelle Wege Sharm El Sheikh\" \/>\n<meta property=\"og:description\" content=\"Von 1 - 3 Passagiere Kosten 400$ Gesamt F\u00fcr jeden weiteren Passagier je 150$\" \/>\n<meta property=\"og:url\" content=\"https:\/\/aircairo.gmtravelsolution.com\/de\/products\/koniglicher-schnelle-wege-sharm-el-sheikh-neu\/\" \/>\n<meta property=\"og:site_name\" content=\"Global Marketing\" \/>\n<meta property=\"article:modified_time\" content=\"2026-01-01T10:43:23+00:00\" \/>\n<meta property=\"og:image\" content=\"https:\/\/aircairo.gmtravelsolution.com\/wp-content\/uploads\/2024\/03\/princes-service-2.jpg\" \/>\n\t<meta property=\"og:image:width\" content=\"768\" \/>\n\t<meta property=\"og:image:height\" content=\"392\" \/>\n\t<meta property=\"og:image:type\" content=\"image\/jpeg\" \/>\n<meta name=\"twitter:card\" content=\"summary_large_image\" \/>\n<meta name=\"twitter:label1\" content=\"Gesch\u00e4tzte Lesezeit\" \/>\n\t<meta name=\"twitter:data1\" content=\"1\u00a0Minute\" \/>\n<script type=\"application\/ld+json\" class=\"yoast-schema-graph\">{\"@context\":\"https:\/\/schema.org\",\"@graph\":[{\"@type\":\"WebPage\",\"@id\":\"https:\/\/aircairo.gmtravelsolution.com\/de\/products\/koniglicher-schnelle-wege-sharm-el-sheikh-neu\/\",\"url\":\"https:\/\/aircairo.gmtravelsolution.com\/de\/products\/koniglicher-schnelle-wege-sharm-el-sheikh-neu\/\",\"name\":\"K\u00f6niglicher Schnelle Wege Sharm El Sheikh - Global Marketing\",\"isPartOf\":{\"@id\":\"https:\/\/aircairo.gmtravelsolution.com\/#website\"},\"datePublished\":\"2022-04-30T19:11:53+00:00\",\"dateModified\":\"2026-01-01T10:43:23+00:00\",\"breadcrumb\":{\"@id\":\"https:\/\/aircairo.gmtravelsolution.com\/de\/products\/koniglicher-schnelle-wege-sharm-el-sheikh-neu\/#breadcrumb\"},\"inLanguage\":\"de\",\"potentialAction\":[{\"@type\":\"ReadAction\",\"target\":[\"https:\/\/aircairo.gmtravelsolution.com\/de\/products\/koniglicher-schnelle-wege-sharm-el-sheikh-neu\/\"]}]},{\"@type\":\"BreadcrumbList\",\"@id\":\"https:\/\/aircairo.gmtravelsolution.com\/de\/products\/koniglicher-schnelle-wege-sharm-el-sheikh-neu\/#breadcrumb\",\"itemListElement\":[{\"@type\":\"ListItem\",\"position\":1,\"name\":\"Home\",\"item\":\"https:\/\/aircairo.gmtravelsolution.com\/\"},{\"@type\":\"ListItem\",\"position\":2,\"name\":\"Gesch\u00e4ft\",\"item\":\"https:\/\/aircairo.gmtravelsolution.com\/de\/shop\/\"},{\"@type\":\"ListItem\",\"position\":3,\"name\":\"K\u00f6niglicher Schnelle Wege Sharm El Sheikh\"}]},{\"@type\":\"WebSite\",\"@id\":\"https:\/\/aircairo.gmtravelsolution.com\/#website\",\"url\":\"https:\/\/aircairo.gmtravelsolution.com\/\",\"name\":\"Global Marketing\",\"description\":\"Travel Solution\",\"potentialAction\":[{\"@type\":\"SearchAction\",\"target\":{\"@type\":\"EntryPoint\",\"urlTemplate\":\"https:\/\/aircairo.gmtravelsolution.com\/?s={search_term_string}\"},\"query-input\":\"required name=search_term_string\"}],\"inLanguage\":\"de\"}]}<\/script>\n<!-- \/ Yoast SEO Premium plugin. -->","yoast_head_json":{"title":"K\u00f6niglicher Schnelle Wege Sharm El Sheikh - Global Marketing","robots":{"index":"index","follow":"follow","max-snippet":"max-snippet:-1","max-image-preview":"max-image-preview:large","max-video-preview":"max-video-preview:-1"},"canonical":"https:\/\/aircairo.gmtravelsolution.com\/de\/products\/koniglicher-schnelle-wege-sharm-el-sheikh-neu\/","og_locale":"de_DE","og_type":"article","og_title":"K\u00f6niglicher Schnelle Wege Sharm El Sheikh","og_description":"Von 1 - 3 Passagiere Kosten 400$ Gesamt F\u00fcr jeden weiteren Passagier je 150$","og_url":"https:\/\/aircairo.gmtravelsolution.com\/de\/products\/koniglicher-schnelle-wege-sharm-el-sheikh-neu\/","og_site_name":"Global Marketing","article_modified_time":"2026-01-01T10:43:23+00:00","og_image":[{"width":768,"height":392,"url":"https:\/\/aircairo.gmtravelsolution.com\/wp-content\/uploads\/2024\/03\/princes-service-2.jpg","type":"image\/jpeg"}],"twitter_card":"summary_large_image","twitter_misc":{"Gesch\u00e4tzte Lesezeit":"1\u00a0Minute"},"schema":{"@context":"https:\/\/schema.org","@graph":[{"@type":"WebPage","@id":"https:\/\/aircairo.gmtravelsolution.com\/de\/products\/koniglicher-schnelle-wege-sharm-el-sheikh-neu\/","url":"https:\/\/aircairo.gmtravelsolution.com\/de\/products\/koniglicher-schnelle-wege-sharm-el-sheikh-neu\/","name":"K\u00f6niglicher Schnelle Wege Sharm El Sheikh - Global Marketing","isPartOf":{"@id":"https:\/\/aircairo.gmtravelsolution.com\/#website"},"datePublished":"2022-04-30T19:11:53+00:00","dateModified":"2026-01-01T10:43:23+00:00","breadcrumb":{"@id":"https:\/\/aircairo.gmtravelsolution.com\/de\/products\/koniglicher-schnelle-wege-sharm-el-sheikh-neu\/#breadcrumb"},"inLanguage":"de","potentialAction":[{"@type":"ReadAction","target":["https:\/\/aircairo.gmtravelsolution.com\/de\/products\/koniglicher-schnelle-wege-sharm-el-sheikh-neu\/"]}]},{"@type":"BreadcrumbList","@id":"https:\/\/aircairo.gmtravelsolution.com\/de\/products\/koniglicher-schnelle-wege-sharm-el-sheikh-neu\/#breadcrumb","itemListElement":[{"@type":"ListItem","position":1,"name":"Home","item":"https:\/\/aircairo.gmtravelsolution.com\/"},{"@type":"ListItem","position":2,"name":"Gesch\u00e4ft","item":"https:\/\/aircairo.gmtravelsolution.com\/de\/shop\/"},{"@type":"ListItem","position":3,"name":"K\u00f6niglicher Schnelle Wege Sharm El Sheikh"}]},{"@type":"WebSite","@id":"https:\/\/aircairo.gmtravelsolution.com\/#website","url":"https:\/\/aircairo.gmtravelsolution.com\/","name":"Global Marketing","description":"Travel Solution","potentialAction":[{"@type":"SearchAction","target":{"@type":"EntryPoint","urlTemplate":"https:\/\/aircairo.gmtravelsolution.com\/?s={search_term_string}"},"query-input":"required name=search_term_string"}],"inLanguage":"de"}]}},"_links":{"self":[{"href":"https:\/\/aircairo.gmtravelsolution.com\/de\/wp-json\/wp\/v2\/product\/20100"}],"collection":[{"href":"https:\/\/aircairo.gmtravelsolution.com\/de\/wp-json\/wp\/v2\/product"}],"about":[{"href":"https:\/\/aircairo.gmtravelsolution.com\/de\/wp-json\/wp\/v2\/types\/product"}],"replies":[{"embeddable":true,"href":"https:\/\/aircairo.gmtravelsolution.com\/de\/wp-json\/wp\/v2\/comments?post=20100"}],"version-history":[{"count":4,"href":"https:\/\/aircairo.gmtravelsolution.com\/de\/wp-json\/wp\/v2\/product\/20100\/revisions"}],"predecessor-version":[{"id":43264,"href":"https:\/\/aircairo.gmtravelsolution.com\/de\/wp-json\/wp\/v2\/product\/20100\/revisions\/43264"}],"wp:featuredmedia":[{"embeddable":true,"href":"https:\/\/aircairo.gmtravelsolution.com\/de\/wp-json\/wp\/v2\/media\/37695"}],"wp:attachment":[{"href":"https:\/\/aircairo.gmtravelsolution.com\/de\/wp-json\/wp\/v2\/media?parent=20100"}],"wp:term":[{"taxonomy":"product_cat","embeddable":true,"href":"https:\/\/aircairo.gmtravelsolution.com\/de\/wp-json\/wp\/v2\/product_cat?post=20100"},{"taxonomy":"product_tag","embeddable":true,"href":"https:\/\/aircairo.gmtravelsolution.com\/de\/wp-json\/wp\/v2\/product_tag?post=20100"}],"curies":[{"name":"wp","href":"https:\/\/api.w.org\/{rel}","templated":true}]}}