{"id":19863,"date":"2022-04-19T03:39:07","date_gmt":"2022-04-19T01:39:07","guid":{"rendered":"https:\/\/aircairo.gmtravelsolution.com\/products\/new-fast-track-gold-sharm\/"},"modified":"2026-01-01T12:28:13","modified_gmt":"2026-01-01T10:28:13","slug":"new-fast-track-gold-sharm","status":"publish","type":"product","link":"https:\/\/aircairo.gmtravelsolution.com\/de\/products\/new-fast-track-gold-sharm\/","title":{"rendered":"Schnelle Wege Gold Sharm EL Sheikh Ankunft"},"content":{"rendered":"<p>Erster Erwachsener Kosten <strong><span style=\"color: #339966;\">200$<\/span><\/strong> (Zus\u00e4tzliche Passagiere kosten <strong><span style=\"color: #ff9900;\">40$<\/span><\/strong> jeder).<\/p>\n<p>Erwachsene : 12+ Jahre \/\/\/ Kinder : 2 &#8211; 11.99 Jahre \/\/\/ Kleinkinder: 0 &#8211; 1.99 Jahre<\/p>\n<p>Manchmal k\u00f6nnen Sie den Flughafen nicht vermeiden, aber wir machen alles m\u00f6glich, Ihnen die negative Erfahrung eines Flughafens vermeiden zu helfen, sollten Sie sich beim Schnelle Wege Gold Service anmelden.<\/p>\n<p>Sobald Ihr Flugzeug gelandet ist, werden Sie von einem unserer h\u00f6flichen Agenten empfangen, der ein Willkommensschild mit dem Namen der G\u00e4ste am Gate Ihres Flugzeugs h\u00e4lt. Er\/sie wird Sie dann in einem Privatfahrzeug zur Ankunftshalle fahren. Er\/sie f\u00fcllt Ihre Immigrationekarte, das Visum bei der Ankunft (falls erforderlich) und dort werden wir Ihren Reispass oder Ausweis mit Passkontrolle \u00fcber einen VIP-Schalter stemplen, ohne in einer Warteschlange zu stehen.<\/p>\n<p>Der Portierassistent holt Ihr Gep\u00e4ck ab und hilft Ihnen beim Zoll. Am Ende begleitet Sie unser Vertreter zur Ankunftshalle, zum Fahrzeug oder zu den Familienmitgliedern, die auf Ihre Ankunft warten.<\/p>\n","protected":false},"excerpt":{"rendered":"<p>Dies ist der Ankunftsservice, wenn Sie die Abreise \u00fcberpr\u00fcfen m\u00f6chten, klicken Sie hier<\/p>\n[maxbutton id=\"1\" url=\"\/de\/products\/schnelle-wege-gold-sharm-el-sheikh-abfahrt\/\" text=\"Abfahrt\" ]\n","protected":false},"featured_media":40046,"comment_status":"open","ping_status":"closed","template":"","meta":{"_mi_skip_tracking":false},"product_cat":[1211,752,746,506],"product_tag":[507,543,509],"yoast_head":"<!-- This site is optimized with the Yoast SEO Premium plugin v21.5 (Yoast SEO v21.5) - https:\/\/yoast.com\/wordpress\/plugins\/seo\/ -->\n<title>Schnelle Wege Gold Sharm EL Sheikh Ankunft - Global Marketing<\/title>\n<meta name=\"robots\" content=\"index, follow, max-snippet:-1, max-image-preview:large, max-video-preview:-1\" \/>\n<link rel=\"canonical\" href=\"https:\/\/aircairo.gmtravelsolution.com\/de\/products\/new-fast-track-gold-sharm\/\" \/>\n<meta property=\"og:locale\" content=\"de_DE\" \/>\n<meta property=\"og:type\" content=\"article\" \/>\n<meta property=\"og:title\" content=\"Schnelle Wege Gold Sharm EL Sheikh Ankunft\" \/>\n<meta property=\"og:description\" content=\"Dies ist der Ankunftsservice, wenn Sie die Abreise \u00fcberpr\u00fcfen m\u00f6chten, klicken Sie hier\" \/>\n<meta property=\"og:url\" content=\"https:\/\/aircairo.gmtravelsolution.com\/de\/products\/new-fast-track-gold-sharm\/\" \/>\n<meta property=\"og:site_name\" content=\"Global Marketing\" \/>\n<meta property=\"article:modified_time\" content=\"2026-01-01T10:28:13+00:00\" \/>\n<meta property=\"og:image\" content=\"https:\/\/aircairo.gmtravelsolution.com\/wp-content\/uploads\/2024\/09\/Meet-and-assist-diamond-3.jpg\" \/>\n\t<meta property=\"og:image:width\" content=\"768\" \/>\n\t<meta property=\"og:image:height\" content=\"392\" \/>\n\t<meta property=\"og:image:type\" content=\"image\/jpeg\" \/>\n<meta name=\"twitter:card\" content=\"summary_large_image\" \/>\n<meta name=\"twitter:label1\" content=\"Gesch\u00e4tzte Lesezeit\" \/>\n\t<meta name=\"twitter:data1\" content=\"1\u00a0Minute\" \/>\n<script type=\"application\/ld+json\" class=\"yoast-schema-graph\">{\"@context\":\"https:\/\/schema.org\",\"@graph\":[{\"@type\":\"WebPage\",\"@id\":\"https:\/\/aircairo.gmtravelsolution.com\/de\/products\/new-fast-track-gold-sharm\/\",\"url\":\"https:\/\/aircairo.gmtravelsolution.com\/de\/products\/new-fast-track-gold-sharm\/\",\"name\":\"Schnelle Wege Gold Sharm EL Sheikh Ankunft - Global Marketing\",\"isPartOf\":{\"@id\":\"https:\/\/aircairo.gmtravelsolution.com\/#website\"},\"datePublished\":\"2022-04-19T01:39:07+00:00\",\"dateModified\":\"2026-01-01T10:28:13+00:00\",\"breadcrumb\":{\"@id\":\"https:\/\/aircairo.gmtravelsolution.com\/de\/products\/new-fast-track-gold-sharm\/#breadcrumb\"},\"inLanguage\":\"de\",\"potentialAction\":[{\"@type\":\"ReadAction\",\"target\":[\"https:\/\/aircairo.gmtravelsolution.com\/de\/products\/new-fast-track-gold-sharm\/\"]}]},{\"@type\":\"BreadcrumbList\",\"@id\":\"https:\/\/aircairo.gmtravelsolution.com\/de\/products\/new-fast-track-gold-sharm\/#breadcrumb\",\"itemListElement\":[{\"@type\":\"ListItem\",\"position\":1,\"name\":\"Home\",\"item\":\"https:\/\/aircairo.gmtravelsolution.com\/\"},{\"@type\":\"ListItem\",\"position\":2,\"name\":\"Gesch\u00e4ft\",\"item\":\"https:\/\/aircairo.gmtravelsolution.com\/de\/shop\/\"},{\"@type\":\"ListItem\",\"position\":3,\"name\":\"Schnelle Wege Gold Sharm EL Sheikh Ankunft\"}]},{\"@type\":\"WebSite\",\"@id\":\"https:\/\/aircairo.gmtravelsolution.com\/#website\",\"url\":\"https:\/\/aircairo.gmtravelsolution.com\/\",\"name\":\"Global Marketing\",\"description\":\"Travel Solution\",\"potentialAction\":[{\"@type\":\"SearchAction\",\"target\":{\"@type\":\"EntryPoint\",\"urlTemplate\":\"https:\/\/aircairo.gmtravelsolution.com\/?s={search_term_string}\"},\"query-input\":\"required name=search_term_string\"}],\"inLanguage\":\"de\"}]}<\/script>\n<!-- \/ Yoast SEO Premium plugin. -->","yoast_head_json":{"title":"Schnelle Wege Gold Sharm EL Sheikh Ankunft - Global Marketing","robots":{"index":"index","follow":"follow","max-snippet":"max-snippet:-1","max-image-preview":"max-image-preview:large","max-video-preview":"max-video-preview:-1"},"canonical":"https:\/\/aircairo.gmtravelsolution.com\/de\/products\/new-fast-track-gold-sharm\/","og_locale":"de_DE","og_type":"article","og_title":"Schnelle Wege Gold Sharm EL Sheikh Ankunft","og_description":"Dies ist der Ankunftsservice, wenn Sie die Abreise \u00fcberpr\u00fcfen m\u00f6chten, klicken Sie hier","og_url":"https:\/\/aircairo.gmtravelsolution.com\/de\/products\/new-fast-track-gold-sharm\/","og_site_name":"Global Marketing","article_modified_time":"2026-01-01T10:28:13+00:00","og_image":[{"width":768,"height":392,"url":"https:\/\/aircairo.gmtravelsolution.com\/wp-content\/uploads\/2024\/09\/Meet-and-assist-diamond-3.jpg","type":"image\/jpeg"}],"twitter_card":"summary_large_image","twitter_misc":{"Gesch\u00e4tzte Lesezeit":"1\u00a0Minute"},"schema":{"@context":"https:\/\/schema.org","@graph":[{"@type":"WebPage","@id":"https:\/\/aircairo.gmtravelsolution.com\/de\/products\/new-fast-track-gold-sharm\/","url":"https:\/\/aircairo.gmtravelsolution.com\/de\/products\/new-fast-track-gold-sharm\/","name":"Schnelle Wege Gold Sharm EL Sheikh Ankunft - Global Marketing","isPartOf":{"@id":"https:\/\/aircairo.gmtravelsolution.com\/#website"},"datePublished":"2022-04-19T01:39:07+00:00","dateModified":"2026-01-01T10:28:13+00:00","breadcrumb":{"@id":"https:\/\/aircairo.gmtravelsolution.com\/de\/products\/new-fast-track-gold-sharm\/#breadcrumb"},"inLanguage":"de","potentialAction":[{"@type":"ReadAction","target":["https:\/\/aircairo.gmtravelsolution.com\/de\/products\/new-fast-track-gold-sharm\/"]}]},{"@type":"BreadcrumbList","@id":"https:\/\/aircairo.gmtravelsolution.com\/de\/products\/new-fast-track-gold-sharm\/#breadcrumb","itemListElement":[{"@type":"ListItem","position":1,"name":"Home","item":"https:\/\/aircairo.gmtravelsolution.com\/"},{"@type":"ListItem","position":2,"name":"Gesch\u00e4ft","item":"https:\/\/aircairo.gmtravelsolution.com\/de\/shop\/"},{"@type":"ListItem","position":3,"name":"Schnelle Wege Gold Sharm EL Sheikh Ankunft"}]},{"@type":"WebSite","@id":"https:\/\/aircairo.gmtravelsolution.com\/#website","url":"https:\/\/aircairo.gmtravelsolution.com\/","name":"Global Marketing","description":"Travel Solution","potentialAction":[{"@type":"SearchAction","target":{"@type":"EntryPoint","urlTemplate":"https:\/\/aircairo.gmtravelsolution.com\/?s={search_term_string}"},"query-input":"required name=search_term_string"}],"inLanguage":"de"}]}},"_links":{"self":[{"href":"https:\/\/aircairo.gmtravelsolution.com\/de\/wp-json\/wp\/v2\/product\/19863"}],"collection":[{"href":"https:\/\/aircairo.gmtravelsolution.com\/de\/wp-json\/wp\/v2\/product"}],"about":[{"href":"https:\/\/aircairo.gmtravelsolution.com\/de\/wp-json\/wp\/v2\/types\/product"}],"replies":[{"embeddable":true,"href":"https:\/\/aircairo.gmtravelsolution.com\/de\/wp-json\/wp\/v2\/comments?post=19863"}],"version-history":[{"count":4,"href":"https:\/\/aircairo.gmtravelsolution.com\/de\/wp-json\/wp\/v2\/product\/19863\/revisions"}],"predecessor-version":[{"id":43251,"href":"https:\/\/aircairo.gmtravelsolution.com\/de\/wp-json\/wp\/v2\/product\/19863\/revisions\/43251"}],"wp:featuredmedia":[{"embeddable":true,"href":"https:\/\/aircairo.gmtravelsolution.com\/de\/wp-json\/wp\/v2\/media\/40046"}],"wp:attachment":[{"href":"https:\/\/aircairo.gmtravelsolution.com\/de\/wp-json\/wp\/v2\/media?parent=19863"}],"wp:term":[{"taxonomy":"product_cat","embeddable":true,"href":"https:\/\/aircairo.gmtravelsolution.com\/de\/wp-json\/wp\/v2\/product_cat?post=19863"},{"taxonomy":"product_tag","embeddable":true,"href":"https:\/\/aircairo.gmtravelsolution.com\/de\/wp-json\/wp\/v2\/product_tag?post=19863"}],"curies":[{"name":"wp","href":"https:\/\/api.w.org\/{rel}","templated":true}]}}