{"id":15521,"date":"2021-01-21T13:59:56","date_gmt":"2021-01-21T13:59:56","guid":{"rendered":"http:\/\/54.93.82.39\/products\/vip-lounge-borg-el-arab\/"},"modified":"2026-01-01T15:23:35","modified_gmt":"2026-01-01T13:23:35","slug":"vip-lounge-borg-el-arab","status":"publish","type":"product","link":"https:\/\/aircairo.gmtravelsolution.com\/de\/products\/vip-lounge-borg-el-arab\/","title":{"rendered":"Lounges Entspannt Borg El Arab"},"content":{"rendered":"<p>Kosten f\u00fcr Erwachsene: <strong><span style=\"color: #339966;\">40$<\/span><\/strong> (Zus\u00e4tzliche Erwachsene kosten ebenfalls <strong><span style=\"color: #ff9900;\">40$<\/span><\/strong> jeder).<br \/>\nKinderkosten: <strong><span style=\"color: #339966;\">40$ <\/span><\/strong>(Zus\u00e4tzliche Kinder kosten<strong><span style=\"color: #ff9900;\"> 40$<\/span><\/strong> jeder).<\/p>\n<p>Kleinkinder haben freien Eintritt<\/p>\n<p>Erwachsene : 12+ Jahre \/\/\/ Kinder : 2 \u2013 11.99 Jahre \/\/\/ Kleinkinder: 0 &#8211; 1.99 Jahre<\/p>\n<p>Machen Sie das Beste aus der Zeit vor Ihrem Abflug und genie\u00dfen Sie die komfortable Lounge des Flughafen Borg El Arab. Au\u00dferdem k\u00f6nnen alle Passagiere mit einem Economy Class-Ticket \u2013 unabh\u00e4ngig von der Airline (Aufenthalt bis zu 3 Stunden) nutzen.Entspanen Sie sich und genie\u00dfen Sie die Zeit in der VIP Lounge.<\/p>\n<p>&nbsp;<\/p>\n","protected":false},"excerpt":{"rendered":"<p>Kosten f\u00fcr Erwachsene: 40$ (Zus\u00e4tzliche Erwachsene kosten ebenfalls 40$ jeder). Kinderkosten: 40$ (Zus\u00e4tzliche Kinder kosten 40$ jeder). Kleinkinder haben freien<\/p>\n","protected":false},"featured_media":13762,"comment_status":"open","ping_status":"closed","template":"","meta":{"_mi_skip_tracking":false},"product_cat":[1211,819,540],"product_tag":[534,507,548],"yoast_head":"<!-- This site is optimized with the Yoast SEO Premium plugin v21.5 (Yoast SEO v21.5) - https:\/\/yoast.com\/wordpress\/plugins\/seo\/ -->\n<title>Lounges Entspannt Borg El Arab - Global Marketing<\/title>\n<meta name=\"robots\" content=\"index, follow, max-snippet:-1, max-image-preview:large, max-video-preview:-1\" \/>\n<link rel=\"canonical\" href=\"https:\/\/aircairo.gmtravelsolution.com\/de\/products\/vip-lounge-borg-el-arab\/\" \/>\n<meta property=\"og:locale\" content=\"de_DE\" \/>\n<meta property=\"og:type\" content=\"article\" \/>\n<meta property=\"og:title\" content=\"Lounges Entspannt Borg El Arab\" \/>\n<meta property=\"og:description\" content=\"Kosten f\u00fcr Erwachsene: 40$ (Zus\u00e4tzliche Erwachsene kosten ebenfalls 40$ jeder). Kinderkosten: 40$ (Zus\u00e4tzliche Kinder kosten 40$ jeder). Kleinkinder haben freien\" \/>\n<meta property=\"og:url\" content=\"https:\/\/aircairo.gmtravelsolution.com\/de\/products\/vip-lounge-borg-el-arab\/\" \/>\n<meta property=\"og:site_name\" content=\"Global Marketing\" \/>\n<meta property=\"article:modified_time\" content=\"2026-01-01T13:23:35+00:00\" \/>\n<meta property=\"og:image\" content=\"https:\/\/aircairo.gmtravelsolution.com\/wp-content\/uploads\/2018\/12\/VIP-Loung-Borg-El-Arab-1.jpg\" \/>\n\t<meta property=\"og:image:width\" content=\"768\" \/>\n\t<meta property=\"og:image:height\" content=\"392\" \/>\n\t<meta property=\"og:image:type\" content=\"image\/jpeg\" \/>\n<meta name=\"twitter:card\" content=\"summary_large_image\" \/>\n<meta name=\"twitter:label1\" content=\"Gesch\u00e4tzte Lesezeit\" \/>\n\t<meta name=\"twitter:data1\" content=\"1\u00a0Minute\" \/>\n<script type=\"application\/ld+json\" class=\"yoast-schema-graph\">{\"@context\":\"https:\/\/schema.org\",\"@graph\":[{\"@type\":\"WebPage\",\"@id\":\"https:\/\/aircairo.gmtravelsolution.com\/de\/products\/vip-lounge-borg-el-arab\/\",\"url\":\"https:\/\/aircairo.gmtravelsolution.com\/de\/products\/vip-lounge-borg-el-arab\/\",\"name\":\"Lounges Entspannt Borg El Arab - Global Marketing\",\"isPartOf\":{\"@id\":\"https:\/\/aircairo.gmtravelsolution.com\/#website\"},\"datePublished\":\"2021-01-21T13:59:56+00:00\",\"dateModified\":\"2026-01-01T13:23:35+00:00\",\"breadcrumb\":{\"@id\":\"https:\/\/aircairo.gmtravelsolution.com\/de\/products\/vip-lounge-borg-el-arab\/#breadcrumb\"},\"inLanguage\":\"de\",\"potentialAction\":[{\"@type\":\"ReadAction\",\"target\":[\"https:\/\/aircairo.gmtravelsolution.com\/de\/products\/vip-lounge-borg-el-arab\/\"]}]},{\"@type\":\"BreadcrumbList\",\"@id\":\"https:\/\/aircairo.gmtravelsolution.com\/de\/products\/vip-lounge-borg-el-arab\/#breadcrumb\",\"itemListElement\":[{\"@type\":\"ListItem\",\"position\":1,\"name\":\"Home\",\"item\":\"https:\/\/aircairo.gmtravelsolution.com\/\"},{\"@type\":\"ListItem\",\"position\":2,\"name\":\"Gesch\u00e4ft\",\"item\":\"https:\/\/aircairo.gmtravelsolution.com\/de\/shop\/\"},{\"@type\":\"ListItem\",\"position\":3,\"name\":\"Lounges Entspannt Borg El Arab\"}]},{\"@type\":\"WebSite\",\"@id\":\"https:\/\/aircairo.gmtravelsolution.com\/#website\",\"url\":\"https:\/\/aircairo.gmtravelsolution.com\/\",\"name\":\"Global Marketing\",\"description\":\"Travel Solution\",\"potentialAction\":[{\"@type\":\"SearchAction\",\"target\":{\"@type\":\"EntryPoint\",\"urlTemplate\":\"https:\/\/aircairo.gmtravelsolution.com\/?s={search_term_string}\"},\"query-input\":\"required name=search_term_string\"}],\"inLanguage\":\"de\"}]}<\/script>\n<!-- \/ Yoast SEO Premium plugin. -->","yoast_head_json":{"title":"Lounges Entspannt Borg El Arab - Global Marketing","robots":{"index":"index","follow":"follow","max-snippet":"max-snippet:-1","max-image-preview":"max-image-preview:large","max-video-preview":"max-video-preview:-1"},"canonical":"https:\/\/aircairo.gmtravelsolution.com\/de\/products\/vip-lounge-borg-el-arab\/","og_locale":"de_DE","og_type":"article","og_title":"Lounges Entspannt Borg El Arab","og_description":"Kosten f\u00fcr Erwachsene: 40$ (Zus\u00e4tzliche Erwachsene kosten ebenfalls 40$ jeder). Kinderkosten: 40$ (Zus\u00e4tzliche Kinder kosten 40$ jeder). Kleinkinder haben freien","og_url":"https:\/\/aircairo.gmtravelsolution.com\/de\/products\/vip-lounge-borg-el-arab\/","og_site_name":"Global Marketing","article_modified_time":"2026-01-01T13:23:35+00:00","og_image":[{"width":768,"height":392,"url":"https:\/\/aircairo.gmtravelsolution.com\/wp-content\/uploads\/2018\/12\/VIP-Loung-Borg-El-Arab-1.jpg","type":"image\/jpeg"}],"twitter_card":"summary_large_image","twitter_misc":{"Gesch\u00e4tzte Lesezeit":"1\u00a0Minute"},"schema":{"@context":"https:\/\/schema.org","@graph":[{"@type":"WebPage","@id":"https:\/\/aircairo.gmtravelsolution.com\/de\/products\/vip-lounge-borg-el-arab\/","url":"https:\/\/aircairo.gmtravelsolution.com\/de\/products\/vip-lounge-borg-el-arab\/","name":"Lounges Entspannt Borg El Arab - Global Marketing","isPartOf":{"@id":"https:\/\/aircairo.gmtravelsolution.com\/#website"},"datePublished":"2021-01-21T13:59:56+00:00","dateModified":"2026-01-01T13:23:35+00:00","breadcrumb":{"@id":"https:\/\/aircairo.gmtravelsolution.com\/de\/products\/vip-lounge-borg-el-arab\/#breadcrumb"},"inLanguage":"de","potentialAction":[{"@type":"ReadAction","target":["https:\/\/aircairo.gmtravelsolution.com\/de\/products\/vip-lounge-borg-el-arab\/"]}]},{"@type":"BreadcrumbList","@id":"https:\/\/aircairo.gmtravelsolution.com\/de\/products\/vip-lounge-borg-el-arab\/#breadcrumb","itemListElement":[{"@type":"ListItem","position":1,"name":"Home","item":"https:\/\/aircairo.gmtravelsolution.com\/"},{"@type":"ListItem","position":2,"name":"Gesch\u00e4ft","item":"https:\/\/aircairo.gmtravelsolution.com\/de\/shop\/"},{"@type":"ListItem","position":3,"name":"Lounges Entspannt Borg El Arab"}]},{"@type":"WebSite","@id":"https:\/\/aircairo.gmtravelsolution.com\/#website","url":"https:\/\/aircairo.gmtravelsolution.com\/","name":"Global Marketing","description":"Travel Solution","potentialAction":[{"@type":"SearchAction","target":{"@type":"EntryPoint","urlTemplate":"https:\/\/aircairo.gmtravelsolution.com\/?s={search_term_string}"},"query-input":"required name=search_term_string"}],"inLanguage":"de"}]}},"_links":{"self":[{"href":"https:\/\/aircairo.gmtravelsolution.com\/de\/wp-json\/wp\/v2\/product\/15521"}],"collection":[{"href":"https:\/\/aircairo.gmtravelsolution.com\/de\/wp-json\/wp\/v2\/product"}],"about":[{"href":"https:\/\/aircairo.gmtravelsolution.com\/de\/wp-json\/wp\/v2\/types\/product"}],"replies":[{"embeddable":true,"href":"https:\/\/aircairo.gmtravelsolution.com\/de\/wp-json\/wp\/v2\/comments?post=15521"}],"version-history":[{"count":5,"href":"https:\/\/aircairo.gmtravelsolution.com\/de\/wp-json\/wp\/v2\/product\/15521\/revisions"}],"predecessor-version":[{"id":42944,"href":"https:\/\/aircairo.gmtravelsolution.com\/de\/wp-json\/wp\/v2\/product\/15521\/revisions\/42944"}],"wp:featuredmedia":[{"embeddable":true,"href":"https:\/\/aircairo.gmtravelsolution.com\/de\/wp-json\/wp\/v2\/media\/13762"}],"wp:attachment":[{"href":"https:\/\/aircairo.gmtravelsolution.com\/de\/wp-json\/wp\/v2\/media?parent=15521"}],"wp:term":[{"taxonomy":"product_cat","embeddable":true,"href":"https:\/\/aircairo.gmtravelsolution.com\/de\/wp-json\/wp\/v2\/product_cat?post=15521"},{"taxonomy":"product_tag","embeddable":true,"href":"https:\/\/aircairo.gmtravelsolution.com\/de\/wp-json\/wp\/v2\/product_tag?post=15521"}],"curies":[{"name":"wp","href":"https:\/\/api.w.org\/{rel}","templated":true}]}}