{"id":15510,"date":"2021-01-15T22:05:41","date_gmt":"2021-01-15T22:05:41","guid":{"rendered":"http:\/\/54.93.82.39\/products\/meet-assist-plus-hurghada\/"},"modified":"2026-01-20T09:15:36","modified_gmt":"2026-01-20T07:15:36","slug":"meet-assist-plus-hurghada","status":"publish","type":"product","link":"https:\/\/aircairo.gmtravelsolution.com\/de\/products\/meet-assist-plus-hurghada\/","title":{"rendered":"Schneller Weg Silber Hurghada"},"content":{"rendered":"<ul>\n<li>Kosten f\u00fcr Erwachsene: <strong><span style=\"color: #339966;\">75$<\/span><\/strong> (Zus\u00e4tzliche Erwachsene kosten ebenfalls <strong><span style=\"color: #ff9900;\">75$<\/span><\/strong> jeder).<\/li>\n<li>Kinderkosten: <strong><span style=\"color: #339966;\">75$ <\/span><\/strong>(Zus\u00e4tzliche Kinder kosten<strong><span style=\"color: #ff9900;\"> 75$<\/span><\/strong> jeder).<\/li>\n<li>Kosten f\u00fcr Kleinkinder: <strong><span style=\"color: #339966;\">40$ <\/span><\/strong>(jedes weitere Kleinkind <strong><span style=\"color: #ff9900;\">40$<\/span><\/strong>).<\/li>\n<\/ul>\n<p>&nbsp;<\/p>\n<p>Erwachsene : 12+ Jahre \/\/\/ Kinder: 2 \u2013 11.99 Jahre \/\/\/ Kleinkinder: 0 &#8211; 1.99 Jahre<\/p>\n<p>F\u00fcr mehr Luxus begleiten wir Sie direkt in die VIP-Lounge des internationalen Flughafens Hurghada, nachdem alle Formalit\u00e4ten sehr schnell erledigt sind, ob Business oder Economy Class, um sich vor Ihrem Flug zu entspannen und mit allen Einrichtungen zu genie\u00dfen, die Sie ben\u00f6tigen. Sie werden von einem unserer h\u00f6flichen Agenten empfangen, der ein Willkommensschild mit dem Namen des Gastes am Gate des Abflugterminals mit Portierassistent h\u00e4lt. Unser Agent erledigt alle Abflugformalit\u00e4ten ohne in der Warteschlange zu stehen und sehr schnell durch VIP-Schalter und begleitet Sie in die VIP-Lounge.<\/p>\n","protected":false},"excerpt":{"rendered":"<p><strong><span style=\"color: #ffb347;\">Aus betrieblichen Gr\u00fcnden k\u00f6nnen die \u00d6ffnungszeiten der Lounge in Terminal 1 eingeschr\u00e4nkt sein. Sollte die Lounge bei Ihrer Ankunft am Flughafen geschlossen sein, werden Sie von unserem Mitarbeiter benachrichtigt und die Lounge-Geb\u00fchr wird Ihnen erstattet. Wir bitten die Unannehmlichkeiten zu entschuldigen.<\/span><\/strong><\/p>\n","protected":false},"featured_media":40608,"comment_status":"open","ping_status":"closed","template":"","meta":{"_mi_skip_tracking":false},"product_cat":[1211,506],"product_tag":[507,535,543],"yoast_head":"<!-- This site is optimized with the Yoast SEO Premium plugin v21.5 (Yoast SEO v21.5) - https:\/\/yoast.com\/wordpress\/plugins\/seo\/ -->\n<title>Schneller Weg Silber Hurghada - Global Marketing<\/title>\n<meta name=\"robots\" content=\"index, follow, max-snippet:-1, max-image-preview:large, max-video-preview:-1\" \/>\n<link rel=\"canonical\" href=\"https:\/\/aircairo.gmtravelsolution.com\/de\/products\/meet-assist-plus-hurghada\/\" \/>\n<meta property=\"og:locale\" content=\"de_DE\" \/>\n<meta property=\"og:type\" content=\"article\" \/>\n<meta property=\"og:title\" content=\"Schneller Weg Silber Hurghada\" \/>\n<meta property=\"og:description\" content=\"Aus betrieblichen Gr\u00fcnden k\u00f6nnen die \u00d6ffnungszeiten der Lounge in Terminal 1 eingeschr\u00e4nkt sein. Sollte die Lounge bei Ihrer Ankunft am Flughafen geschlossen sein, werden Sie von unserem Mitarbeiter benachrichtigt und die Lounge-Geb\u00fchr wird Ihnen erstattet. Wir bitten die Unannehmlichkeiten zu entschuldigen.\" \/>\n<meta property=\"og:url\" content=\"https:\/\/aircairo.gmtravelsolution.com\/de\/products\/meet-assist-plus-hurghada\/\" \/>\n<meta property=\"og:site_name\" content=\"Global Marketing\" \/>\n<meta property=\"article:modified_time\" content=\"2026-01-20T07:15:36+00:00\" \/>\n<meta property=\"og:image\" content=\"https:\/\/aircairo.gmtravelsolution.com\/wp-content\/uploads\/2021\/01\/airport-greeter-2.jpg-2-1.webp\" \/>\n\t<meta property=\"og:image:width\" content=\"768\" \/>\n\t<meta property=\"og:image:height\" content=\"392\" \/>\n\t<meta property=\"og:image:type\" content=\"image\/webp\" \/>\n<meta name=\"twitter:card\" content=\"summary_large_image\" \/>\n<meta name=\"twitter:label1\" content=\"Gesch\u00e4tzte Lesezeit\" \/>\n\t<meta name=\"twitter:data1\" content=\"1\u00a0Minute\" \/>\n<script type=\"application\/ld+json\" class=\"yoast-schema-graph\">{\"@context\":\"https:\/\/schema.org\",\"@graph\":[{\"@type\":\"WebPage\",\"@id\":\"https:\/\/aircairo.gmtravelsolution.com\/de\/products\/meet-assist-plus-hurghada\/\",\"url\":\"https:\/\/aircairo.gmtravelsolution.com\/de\/products\/meet-assist-plus-hurghada\/\",\"name\":\"Schneller Weg Silber Hurghada - Global Marketing\",\"isPartOf\":{\"@id\":\"https:\/\/aircairo.gmtravelsolution.com\/#website\"},\"datePublished\":\"2021-01-15T22:05:41+00:00\",\"dateModified\":\"2026-01-20T07:15:36+00:00\",\"breadcrumb\":{\"@id\":\"https:\/\/aircairo.gmtravelsolution.com\/de\/products\/meet-assist-plus-hurghada\/#breadcrumb\"},\"inLanguage\":\"de\",\"potentialAction\":[{\"@type\":\"ReadAction\",\"target\":[\"https:\/\/aircairo.gmtravelsolution.com\/de\/products\/meet-assist-plus-hurghada\/\"]}]},{\"@type\":\"BreadcrumbList\",\"@id\":\"https:\/\/aircairo.gmtravelsolution.com\/de\/products\/meet-assist-plus-hurghada\/#breadcrumb\",\"itemListElement\":[{\"@type\":\"ListItem\",\"position\":1,\"name\":\"Home\",\"item\":\"https:\/\/aircairo.gmtravelsolution.com\/\"},{\"@type\":\"ListItem\",\"position\":2,\"name\":\"Gesch\u00e4ft\",\"item\":\"https:\/\/aircairo.gmtravelsolution.com\/de\/shop\/\"},{\"@type\":\"ListItem\",\"position\":3,\"name\":\"Schneller Weg Silber Hurghada\"}]},{\"@type\":\"WebSite\",\"@id\":\"https:\/\/aircairo.gmtravelsolution.com\/#website\",\"url\":\"https:\/\/aircairo.gmtravelsolution.com\/\",\"name\":\"Global Marketing\",\"description\":\"Travel Solution\",\"potentialAction\":[{\"@type\":\"SearchAction\",\"target\":{\"@type\":\"EntryPoint\",\"urlTemplate\":\"https:\/\/aircairo.gmtravelsolution.com\/?s={search_term_string}\"},\"query-input\":\"required name=search_term_string\"}],\"inLanguage\":\"de\"}]}<\/script>\n<!-- \/ Yoast SEO Premium plugin. -->","yoast_head_json":{"title":"Schneller Weg Silber Hurghada - Global Marketing","robots":{"index":"index","follow":"follow","max-snippet":"max-snippet:-1","max-image-preview":"max-image-preview:large","max-video-preview":"max-video-preview:-1"},"canonical":"https:\/\/aircairo.gmtravelsolution.com\/de\/products\/meet-assist-plus-hurghada\/","og_locale":"de_DE","og_type":"article","og_title":"Schneller Weg Silber Hurghada","og_description":"Aus betrieblichen Gr\u00fcnden k\u00f6nnen die \u00d6ffnungszeiten der Lounge in Terminal 1 eingeschr\u00e4nkt sein. Sollte die Lounge bei Ihrer Ankunft am Flughafen geschlossen sein, werden Sie von unserem Mitarbeiter benachrichtigt und die Lounge-Geb\u00fchr wird Ihnen erstattet. Wir bitten die Unannehmlichkeiten zu entschuldigen.","og_url":"https:\/\/aircairo.gmtravelsolution.com\/de\/products\/meet-assist-plus-hurghada\/","og_site_name":"Global Marketing","article_modified_time":"2026-01-20T07:15:36+00:00","og_image":[{"width":768,"height":392,"url":"https:\/\/aircairo.gmtravelsolution.com\/wp-content\/uploads\/2021\/01\/airport-greeter-2.jpg-2-1.webp","type":"image\/webp"}],"twitter_card":"summary_large_image","twitter_misc":{"Gesch\u00e4tzte Lesezeit":"1\u00a0Minute"},"schema":{"@context":"https:\/\/schema.org","@graph":[{"@type":"WebPage","@id":"https:\/\/aircairo.gmtravelsolution.com\/de\/products\/meet-assist-plus-hurghada\/","url":"https:\/\/aircairo.gmtravelsolution.com\/de\/products\/meet-assist-plus-hurghada\/","name":"Schneller Weg Silber Hurghada - Global Marketing","isPartOf":{"@id":"https:\/\/aircairo.gmtravelsolution.com\/#website"},"datePublished":"2021-01-15T22:05:41+00:00","dateModified":"2026-01-20T07:15:36+00:00","breadcrumb":{"@id":"https:\/\/aircairo.gmtravelsolution.com\/de\/products\/meet-assist-plus-hurghada\/#breadcrumb"},"inLanguage":"de","potentialAction":[{"@type":"ReadAction","target":["https:\/\/aircairo.gmtravelsolution.com\/de\/products\/meet-assist-plus-hurghada\/"]}]},{"@type":"BreadcrumbList","@id":"https:\/\/aircairo.gmtravelsolution.com\/de\/products\/meet-assist-plus-hurghada\/#breadcrumb","itemListElement":[{"@type":"ListItem","position":1,"name":"Home","item":"https:\/\/aircairo.gmtravelsolution.com\/"},{"@type":"ListItem","position":2,"name":"Gesch\u00e4ft","item":"https:\/\/aircairo.gmtravelsolution.com\/de\/shop\/"},{"@type":"ListItem","position":3,"name":"Schneller Weg Silber Hurghada"}]},{"@type":"WebSite","@id":"https:\/\/aircairo.gmtravelsolution.com\/#website","url":"https:\/\/aircairo.gmtravelsolution.com\/","name":"Global Marketing","description":"Travel Solution","potentialAction":[{"@type":"SearchAction","target":{"@type":"EntryPoint","urlTemplate":"https:\/\/aircairo.gmtravelsolution.com\/?s={search_term_string}"},"query-input":"required name=search_term_string"}],"inLanguage":"de"}]}},"_links":{"self":[{"href":"https:\/\/aircairo.gmtravelsolution.com\/de\/wp-json\/wp\/v2\/product\/15510"}],"collection":[{"href":"https:\/\/aircairo.gmtravelsolution.com\/de\/wp-json\/wp\/v2\/product"}],"about":[{"href":"https:\/\/aircairo.gmtravelsolution.com\/de\/wp-json\/wp\/v2\/types\/product"}],"replies":[{"embeddable":true,"href":"https:\/\/aircairo.gmtravelsolution.com\/de\/wp-json\/wp\/v2\/comments?post=15510"}],"version-history":[{"count":7,"href":"https:\/\/aircairo.gmtravelsolution.com\/de\/wp-json\/wp\/v2\/product\/15510\/revisions"}],"predecessor-version":[{"id":43660,"href":"https:\/\/aircairo.gmtravelsolution.com\/de\/wp-json\/wp\/v2\/product\/15510\/revisions\/43660"}],"wp:featuredmedia":[{"embeddable":true,"href":"https:\/\/aircairo.gmtravelsolution.com\/de\/wp-json\/wp\/v2\/media\/40608"}],"wp:attachment":[{"href":"https:\/\/aircairo.gmtravelsolution.com\/de\/wp-json\/wp\/v2\/media?parent=15510"}],"wp:term":[{"taxonomy":"product_cat","embeddable":true,"href":"https:\/\/aircairo.gmtravelsolution.com\/de\/wp-json\/wp\/v2\/product_cat?post=15510"},{"taxonomy":"product_tag","embeddable":true,"href":"https:\/\/aircairo.gmtravelsolution.com\/de\/wp-json\/wp\/v2\/product_tag?post=15510"}],"curies":[{"name":"wp","href":"https:\/\/api.w.org\/{rel}","templated":true}]}}