{"id":15460,"date":"2021-01-15T21:00:50","date_gmt":"2021-01-15T21:00:50","guid":{"rendered":"http:\/\/54.93.82.39\/products\/meet-assist-marsa-alam\/"},"modified":"2026-01-01T13:59:29","modified_gmt":"2026-01-01T11:59:29","slug":"meet-assist-marsa-alam","status":"publish","type":"product","link":"https:\/\/aircairo.gmtravelsolution.com\/de\/products\/meet-assist-marsa-alam\/","title":{"rendered":"Schnelle Wege Marsa Alam"},"content":{"rendered":"<p>Kosten f\u00fcr Erwachsene: <strong><span style=\"color: #339966;\">42$<\/span><\/strong> (Zus\u00e4tzliche Erwachsene kosten ebenfalls <strong><span style=\"color: #ff9900;\">42$<\/span><\/strong> jeder).<br \/>\nKinderkosten: <strong><span style=\"color: #339966;\">42$ <\/span><\/strong>(Zus\u00e4tzliche Kinder kosten<strong><span style=\"color: #ff9900;\"><del> <\/del>42$<\/span><\/strong> jeder).<\/p>\n<p>Erwachsene : 12+ Jahre<br \/>\nKinder : 0 \u2013 11.99 Jahre<\/p>\n<p>Wenn Sie einer der Passagiere sind, die nicht den ganzen Tag warten wollen, dann sind unsere schnelle Service hier, um alle Formalit\u00e4ten ohne Warteschlange am Flughafen zu erledigen. sparen Sie Ihre Zeit, denn wir glauben, wie wertvoll jede Minute in Ihrem Leben auch Sie den Rest Ihres Tages genie\u00dfen k\u00f6nnen.<\/p>\n<p>Sobald Ihr Flugzeug gelandet ist, werden Sie von einem unserer<br \/>\nh\u00f6flichen Agenten empfangen, der ein Willkommensschild mit Ihrem Namen des Gastes an Ihrem Ankunft-Gate h\u00e4lt. Er\/sie wird Ihre ImmigrationKarte ausf\u00fcllen, das Visum bei der Ankunft (falls erforderlich), Ihren Reispass oder Ausweis mit Passkontrolle \u00fcber einen VIP-Schalter stemplen, der Portierassistent wird Ihr Gep\u00e4ck abholen und hilft Ihnen beim Zoll. Endlish, Unser Vertreter begleitet Sie zur Ankunftshalle, zum Fahrzeug oder zu den Familienmitgliedern, die auf Ihre Ankunft warten, und sind Sie im einer Minute ausdem Flughafen.<\/p>\n","protected":false},"excerpt":{"rendered":"<p>Kosten f\u00fcr Erwachsene: 42$ (Zus\u00e4tzliche Erwachsene kosten ebenfalls 42$ jeder). Kinderkosten: 42$ (Zus\u00e4tzliche Kinder kosten 42$ jeder). Erwachsene : 12+<\/p>\n","protected":false},"featured_media":40598,"comment_status":"open","ping_status":"closed","template":"","meta":{"_mi_skip_tracking":false},"product_cat":[1211,506],"product_tag":[507,533,508],"yoast_head":"<!-- This site is optimized with the Yoast SEO Premium plugin v21.5 (Yoast SEO v21.5) - https:\/\/yoast.com\/wordpress\/plugins\/seo\/ -->\n<title>Schnelle Wege Marsa Alam - Global Marketing<\/title>\n<meta name=\"robots\" content=\"index, follow, max-snippet:-1, max-image-preview:large, max-video-preview:-1\" \/>\n<link rel=\"canonical\" href=\"https:\/\/aircairo.gmtravelsolution.com\/de\/products\/meet-assist-marsa-alam\/\" \/>\n<meta property=\"og:locale\" content=\"de_DE\" \/>\n<meta property=\"og:type\" content=\"article\" \/>\n<meta property=\"og:title\" content=\"Schnelle Wege Marsa Alam\" \/>\n<meta property=\"og:description\" content=\"Kosten f\u00fcr Erwachsene: 42$ (Zus\u00e4tzliche Erwachsene kosten ebenfalls 42$ jeder). Kinderkosten: 42$ (Zus\u00e4tzliche Kinder kosten 42$ jeder). Erwachsene : 12+\" \/>\n<meta property=\"og:url\" content=\"https:\/\/aircairo.gmtravelsolution.com\/de\/products\/meet-assist-marsa-alam\/\" \/>\n<meta property=\"og:site_name\" content=\"Global Marketing\" \/>\n<meta property=\"article:modified_time\" content=\"2026-01-01T11:59:29+00:00\" \/>\n<meta property=\"og:image\" content=\"https:\/\/aircairo.gmtravelsolution.com\/wp-content\/uploads\/2021\/01\/file-2.jpg\" \/>\n\t<meta property=\"og:image:width\" content=\"768\" \/>\n\t<meta property=\"og:image:height\" content=\"392\" \/>\n\t<meta property=\"og:image:type\" content=\"image\/jpeg\" \/>\n<meta name=\"twitter:card\" content=\"summary_large_image\" \/>\n<meta name=\"twitter:label1\" content=\"Gesch\u00e4tzte Lesezeit\" \/>\n\t<meta name=\"twitter:data1\" content=\"1\u00a0Minute\" \/>\n<script type=\"application\/ld+json\" class=\"yoast-schema-graph\">{\"@context\":\"https:\/\/schema.org\",\"@graph\":[{\"@type\":\"WebPage\",\"@id\":\"https:\/\/aircairo.gmtravelsolution.com\/de\/products\/meet-assist-marsa-alam\/\",\"url\":\"https:\/\/aircairo.gmtravelsolution.com\/de\/products\/meet-assist-marsa-alam\/\",\"name\":\"Schnelle Wege Marsa Alam - Global Marketing\",\"isPartOf\":{\"@id\":\"https:\/\/aircairo.gmtravelsolution.com\/#website\"},\"datePublished\":\"2021-01-15T21:00:50+00:00\",\"dateModified\":\"2026-01-01T11:59:29+00:00\",\"breadcrumb\":{\"@id\":\"https:\/\/aircairo.gmtravelsolution.com\/de\/products\/meet-assist-marsa-alam\/#breadcrumb\"},\"inLanguage\":\"de\",\"potentialAction\":[{\"@type\":\"ReadAction\",\"target\":[\"https:\/\/aircairo.gmtravelsolution.com\/de\/products\/meet-assist-marsa-alam\/\"]}]},{\"@type\":\"BreadcrumbList\",\"@id\":\"https:\/\/aircairo.gmtravelsolution.com\/de\/products\/meet-assist-marsa-alam\/#breadcrumb\",\"itemListElement\":[{\"@type\":\"ListItem\",\"position\":1,\"name\":\"Home\",\"item\":\"https:\/\/aircairo.gmtravelsolution.com\/\"},{\"@type\":\"ListItem\",\"position\":2,\"name\":\"Gesch\u00e4ft\",\"item\":\"https:\/\/aircairo.gmtravelsolution.com\/de\/shop\/\"},{\"@type\":\"ListItem\",\"position\":3,\"name\":\"Schnelle Wege Marsa Alam\"}]},{\"@type\":\"WebSite\",\"@id\":\"https:\/\/aircairo.gmtravelsolution.com\/#website\",\"url\":\"https:\/\/aircairo.gmtravelsolution.com\/\",\"name\":\"Global Marketing\",\"description\":\"Travel Solution\",\"potentialAction\":[{\"@type\":\"SearchAction\",\"target\":{\"@type\":\"EntryPoint\",\"urlTemplate\":\"https:\/\/aircairo.gmtravelsolution.com\/?s={search_term_string}\"},\"query-input\":\"required name=search_term_string\"}],\"inLanguage\":\"de\"}]}<\/script>\n<!-- \/ Yoast SEO Premium plugin. -->","yoast_head_json":{"title":"Schnelle Wege Marsa Alam - Global Marketing","robots":{"index":"index","follow":"follow","max-snippet":"max-snippet:-1","max-image-preview":"max-image-preview:large","max-video-preview":"max-video-preview:-1"},"canonical":"https:\/\/aircairo.gmtravelsolution.com\/de\/products\/meet-assist-marsa-alam\/","og_locale":"de_DE","og_type":"article","og_title":"Schnelle Wege Marsa Alam","og_description":"Kosten f\u00fcr Erwachsene: 42$ (Zus\u00e4tzliche Erwachsene kosten ebenfalls 42$ jeder). Kinderkosten: 42$ (Zus\u00e4tzliche Kinder kosten 42$ jeder). Erwachsene : 12+","og_url":"https:\/\/aircairo.gmtravelsolution.com\/de\/products\/meet-assist-marsa-alam\/","og_site_name":"Global Marketing","article_modified_time":"2026-01-01T11:59:29+00:00","og_image":[{"width":768,"height":392,"url":"https:\/\/aircairo.gmtravelsolution.com\/wp-content\/uploads\/2021\/01\/file-2.jpg","type":"image\/jpeg"}],"twitter_card":"summary_large_image","twitter_misc":{"Gesch\u00e4tzte Lesezeit":"1\u00a0Minute"},"schema":{"@context":"https:\/\/schema.org","@graph":[{"@type":"WebPage","@id":"https:\/\/aircairo.gmtravelsolution.com\/de\/products\/meet-assist-marsa-alam\/","url":"https:\/\/aircairo.gmtravelsolution.com\/de\/products\/meet-assist-marsa-alam\/","name":"Schnelle Wege Marsa Alam - Global Marketing","isPartOf":{"@id":"https:\/\/aircairo.gmtravelsolution.com\/#website"},"datePublished":"2021-01-15T21:00:50+00:00","dateModified":"2026-01-01T11:59:29+00:00","breadcrumb":{"@id":"https:\/\/aircairo.gmtravelsolution.com\/de\/products\/meet-assist-marsa-alam\/#breadcrumb"},"inLanguage":"de","potentialAction":[{"@type":"ReadAction","target":["https:\/\/aircairo.gmtravelsolution.com\/de\/products\/meet-assist-marsa-alam\/"]}]},{"@type":"BreadcrumbList","@id":"https:\/\/aircairo.gmtravelsolution.com\/de\/products\/meet-assist-marsa-alam\/#breadcrumb","itemListElement":[{"@type":"ListItem","position":1,"name":"Home","item":"https:\/\/aircairo.gmtravelsolution.com\/"},{"@type":"ListItem","position":2,"name":"Gesch\u00e4ft","item":"https:\/\/aircairo.gmtravelsolution.com\/de\/shop\/"},{"@type":"ListItem","position":3,"name":"Schnelle Wege Marsa Alam"}]},{"@type":"WebSite","@id":"https:\/\/aircairo.gmtravelsolution.com\/#website","url":"https:\/\/aircairo.gmtravelsolution.com\/","name":"Global Marketing","description":"Travel Solution","potentialAction":[{"@type":"SearchAction","target":{"@type":"EntryPoint","urlTemplate":"https:\/\/aircairo.gmtravelsolution.com\/?s={search_term_string}"},"query-input":"required name=search_term_string"}],"inLanguage":"de"}]}},"_links":{"self":[{"href":"https:\/\/aircairo.gmtravelsolution.com\/de\/wp-json\/wp\/v2\/product\/15460"}],"collection":[{"href":"https:\/\/aircairo.gmtravelsolution.com\/de\/wp-json\/wp\/v2\/product"}],"about":[{"href":"https:\/\/aircairo.gmtravelsolution.com\/de\/wp-json\/wp\/v2\/types\/product"}],"replies":[{"embeddable":true,"href":"https:\/\/aircairo.gmtravelsolution.com\/de\/wp-json\/wp\/v2\/comments?post=15460"}],"version-history":[{"count":6,"href":"https:\/\/aircairo.gmtravelsolution.com\/de\/wp-json\/wp\/v2\/product\/15460\/revisions"}],"predecessor-version":[{"id":43277,"href":"https:\/\/aircairo.gmtravelsolution.com\/de\/wp-json\/wp\/v2\/product\/15460\/revisions\/43277"}],"wp:featuredmedia":[{"embeddable":true,"href":"https:\/\/aircairo.gmtravelsolution.com\/de\/wp-json\/wp\/v2\/media\/40598"}],"wp:attachment":[{"href":"https:\/\/aircairo.gmtravelsolution.com\/de\/wp-json\/wp\/v2\/media?parent=15460"}],"wp:term":[{"taxonomy":"product_cat","embeddable":true,"href":"https:\/\/aircairo.gmtravelsolution.com\/de\/wp-json\/wp\/v2\/product_cat?post=15460"},{"taxonomy":"product_tag","embeddable":true,"href":"https:\/\/aircairo.gmtravelsolution.com\/de\/wp-json\/wp\/v2\/product_tag?post=15460"}],"curies":[{"name":"wp","href":"https:\/\/api.w.org\/{rel}","templated":true}]}}