{"id":38964,"date":"2021-08-31T19:42:58","date_gmt":"2021-08-31T17:42:58","guid":{"rendered":"https:\/\/aircairo.gmtravelsolution.com\/refund-policy\/"},"modified":"2024-03-02T07:35:47","modified_gmt":"2024-03-02T05:35:47","slug":"refund-policy","status":"publish","type":"page","link":"https:\/\/aircairo.gmtravelsolution.com\/de\/refund-policy\/","title":{"rendered":"R\u00fcckgaberecht"},"content":{"rendered":"\t\t<div data-elementor-type=\"wp-page\" data-elementor-id=\"38964\" class=\"elementor elementor-38964 elementor-17244\" data-elementor-post-type=\"page\">\n\t\t\t\t\t\t\t\t\t<section data-particle_enable=\"false\" data-particle-mobile-disabled=\"false\" class=\"wd-negative-gap elementor-section elementor-top-section elementor-element elementor-element-3b676f7 elementor-section-boxed elementor-section-height-default elementor-section-height-default wd-section-disabled\" data-id=\"3b676f7\" data-element_type=\"section\">\n\t\t\t\t\t\t<div class=\"elementor-container elementor-column-gap-default\">\n\t\t\t\t\t<div class=\"elementor-column elementor-col-100 elementor-top-column elementor-element elementor-element-cb605b3\" data-id=\"cb605b3\" data-element_type=\"column\">\n\t\t\t<div class=\"elementor-widget-wrap elementor-element-populated\">\n\t\t\t\t\t\t\t\t<div class=\"elementor-element elementor-element-3799cd8 elementor-widget elementor-widget-wd_text_block\" data-id=\"3799cd8\" data-element_type=\"widget\" data-widget_type=\"wd_text_block.default\">\n\t\t\t\t<div class=\"elementor-widget-container\">\n\t\t\t\t\t<div class=\"wd-text-block reset-last-child text-left\">\n\t\t\t\n\t\t\t<div id=\"like_sc_header_35810058\" class=\"heading header-subheader align-left color-black subcolor-main transform-default has-subheader theme-icon-second icon-type-default vc_custom_1630431133345 heading-tag-h2\"><h2 class=\"header ltx-sr-id-like_sc_header_358100581121136412 ltx-sr ltx-sr-effect-fade_in ltx-sr-el-block ltx-sr-delay-0 ltx-sr-duration-1000 ltx-sr-sequences-0\" data-sr-id=\"3\"><span id=\"Refund_Policy\" class=\"ez-toc-section _mPS2id-t mPS2id-target\"><\/span>R\u00fcckgaberecht<\/h2><\/div><div id=\"like_sc_content_width_482825403\" class=\"ltx-content-width col-align-left\"><div class=\"ltx-wrapper\"><div class=\"wpb_text_column wpb_content_element \"><div class=\"wpb_wrapper\"><p>R\u00fcckerstattungen erfolgen auf die urspr\u00fcngliche Zahlungsart und werden je nach ausstellender Bank der Kreditkarte innerhalb von 10 bis 45 Tagen bearbeitet.<\/p><p>Folgendes berechtigt Sie zu einer R\u00fcckerstattung:-<\/p><p>1\u2013 Der falsche Service wurde von unserem Team gebucht und best\u00e4tigt.<\/p><p>2\u2013 Wenn sich Ihre Reisepl\u00e4ne \u00e4ndern und Sie die Bestellung gem\u00e4\u00df den Stornierungsbedingungen stornieren.<\/p><p>Stornierungsbedingungen<\/p><p>1-Wenn Sie aus irgendeinem Grund stornieren m\u00f6chten, ben\u00f6tigen wir mindestens 48 Stunden vor dem eigentlichen Reisetermin. F\u00fcr die meisten Reiseziele erhalten Sie dann eine vollst\u00e4ndige R\u00fcckerstattung, abz\u00fcglich der Transaktionsgeb\u00fchren.<\/p><p>2\u2013 Wenn Sie Ihre Reservierungsvereinbarungen in Bezug auf Datum oder Zeitpunkt \u00e4ndern m\u00f6chten, werden wir dies gerne und ohne zus\u00e4tzliche Kosten je nach Verf\u00fcgbarkeit vornehmen.<\/p><p>3\u2013 Wenn Sie Ihren Service upgraden m\u00f6chten, m\u00fcssen Sie uns dies mindestens 24 Stunden im Voraus mitteilen. Bei Verf\u00fcgbarkeit best\u00e4tigen wir Ihnen das Upgrade gerne gegen Aufpreis.<\/p><\/div><\/div><\/div><\/div>\n\t\t\t\t\t<\/div>\n\t\t\t\t<\/div>\n\t\t\t\t<\/div>\n\t\t\t\t\t<\/div>\n\t\t<\/div>\n\t\t\t\t\t\t\t<\/div>\n\t\t<\/section>\n\t\t\t\t\t\t\t<\/div>\n\t\t","protected":false},"excerpt":{"rendered":"<p>R\u00fcckgaberecht R\u00fcckerstattungen erfolgen auf die urspr\u00fcngliche Zahlungsart und werden je nach ausstellender Bank der Kreditkarte innerhalb von 10 bis 45<\/p>\n","protected":false},"author":2,"featured_media":0,"parent":0,"menu_order":0,"comment_status":"closed","ping_status":"closed","template":"","meta":{"_mi_skip_tracking":false,"footnotes":""},"yoast_head":"<!-- This site is optimized with the Yoast SEO Premium plugin v21.5 (Yoast SEO v21.5) - https:\/\/yoast.com\/wordpress\/plugins\/seo\/ -->\n<title>R\u00fcckgaberecht - Global Marketing<\/title>\n<meta name=\"robots\" content=\"index, follow, max-snippet:-1, max-image-preview:large, max-video-preview:-1\" \/>\n<link rel=\"canonical\" href=\"https:\/\/aircairo.gmtravelsolution.com\/de\/refund-policy\/\" \/>\n<meta property=\"og:locale\" content=\"de_DE\" \/>\n<meta property=\"og:type\" content=\"article\" \/>\n<meta property=\"og:title\" content=\"R\u00fcckgaberecht\" \/>\n<meta property=\"og:description\" content=\"R\u00fcckgaberecht R\u00fcckerstattungen erfolgen auf die urspr\u00fcngliche Zahlungsart und werden je nach ausstellender Bank der Kreditkarte innerhalb von 10 bis 45\" \/>\n<meta property=\"og:url\" content=\"https:\/\/aircairo.gmtravelsolution.com\/de\/refund-policy\/\" \/>\n<meta property=\"og:site_name\" content=\"Global Marketing\" \/>\n<meta property=\"article:modified_time\" content=\"2024-03-02T05:35:47+00:00\" \/>\n<meta property=\"og:image\" content=\"https:\/\/aircairo.gmtravelsolution.com\/wp-content\/uploads\/2023\/11\/GM-TRaverl-solution-Fast-Track-Airport-Service-Featured-Image.jpg\" \/>\n\t<meta property=\"og:image:width\" content=\"1200\" \/>\n\t<meta property=\"og:image:height\" content=\"675\" \/>\n\t<meta property=\"og:image:type\" content=\"image\/jpeg\" \/>\n<meta name=\"twitter:card\" content=\"summary_large_image\" \/>\n<meta name=\"twitter:label1\" content=\"Gesch\u00e4tzte Lesezeit\" \/>\n\t<meta name=\"twitter:data1\" content=\"1\u00a0Minute\" \/>\n<script type=\"application\/ld+json\" class=\"yoast-schema-graph\">{\"@context\":\"https:\/\/schema.org\",\"@graph\":[{\"@type\":\"WebPage\",\"@id\":\"https:\/\/aircairo.gmtravelsolution.com\/de\/refund-policy\/\",\"url\":\"https:\/\/aircairo.gmtravelsolution.com\/de\/refund-policy\/\",\"name\":\"R\u00fcckgaberecht - Global Marketing\",\"isPartOf\":{\"@id\":\"https:\/\/aircairo.gmtravelsolution.com\/#website\"},\"datePublished\":\"2021-08-31T17:42:58+00:00\",\"dateModified\":\"2024-03-02T05:35:47+00:00\",\"breadcrumb\":{\"@id\":\"https:\/\/aircairo.gmtravelsolution.com\/de\/refund-policy\/#breadcrumb\"},\"inLanguage\":\"de\",\"potentialAction\":[{\"@type\":\"ReadAction\",\"target\":[\"https:\/\/aircairo.gmtravelsolution.com\/de\/refund-policy\/\"]}]},{\"@type\":\"BreadcrumbList\",\"@id\":\"https:\/\/aircairo.gmtravelsolution.com\/de\/refund-policy\/#breadcrumb\",\"itemListElement\":[{\"@type\":\"ListItem\",\"position\":1,\"name\":\"Home\",\"item\":\"https:\/\/aircairo.gmtravelsolution.com\/\"},{\"@type\":\"ListItem\",\"position\":2,\"name\":\"R\u00fcckgaberecht\"}]},{\"@type\":\"WebSite\",\"@id\":\"https:\/\/aircairo.gmtravelsolution.com\/#website\",\"url\":\"https:\/\/aircairo.gmtravelsolution.com\/\",\"name\":\"Global Marketing\",\"description\":\"Travel Solution\",\"potentialAction\":[{\"@type\":\"SearchAction\",\"target\":{\"@type\":\"EntryPoint\",\"urlTemplate\":\"https:\/\/aircairo.gmtravelsolution.com\/?s={search_term_string}\"},\"query-input\":\"required name=search_term_string\"}],\"inLanguage\":\"de\"}]}<\/script>\n<!-- \/ Yoast SEO Premium plugin. -->","yoast_head_json":{"title":"R\u00fcckgaberecht - Global Marketing","robots":{"index":"index","follow":"follow","max-snippet":"max-snippet:-1","max-image-preview":"max-image-preview:large","max-video-preview":"max-video-preview:-1"},"canonical":"https:\/\/aircairo.gmtravelsolution.com\/de\/refund-policy\/","og_locale":"de_DE","og_type":"article","og_title":"R\u00fcckgaberecht","og_description":"R\u00fcckgaberecht R\u00fcckerstattungen erfolgen auf die urspr\u00fcngliche Zahlungsart und werden je nach ausstellender Bank der Kreditkarte innerhalb von 10 bis 45","og_url":"https:\/\/aircairo.gmtravelsolution.com\/de\/refund-policy\/","og_site_name":"Global Marketing","article_modified_time":"2024-03-02T05:35:47+00:00","og_image":[{"width":1200,"height":675,"url":"https:\/\/aircairo.gmtravelsolution.com\/wp-content\/uploads\/2023\/11\/GM-TRaverl-solution-Fast-Track-Airport-Service-Featured-Image.jpg","type":"image\/jpeg"}],"twitter_card":"summary_large_image","twitter_misc":{"Gesch\u00e4tzte Lesezeit":"1\u00a0Minute"},"schema":{"@context":"https:\/\/schema.org","@graph":[{"@type":"WebPage","@id":"https:\/\/aircairo.gmtravelsolution.com\/de\/refund-policy\/","url":"https:\/\/aircairo.gmtravelsolution.com\/de\/refund-policy\/","name":"R\u00fcckgaberecht - Global Marketing","isPartOf":{"@id":"https:\/\/aircairo.gmtravelsolution.com\/#website"},"datePublished":"2021-08-31T17:42:58+00:00","dateModified":"2024-03-02T05:35:47+00:00","breadcrumb":{"@id":"https:\/\/aircairo.gmtravelsolution.com\/de\/refund-policy\/#breadcrumb"},"inLanguage":"de","potentialAction":[{"@type":"ReadAction","target":["https:\/\/aircairo.gmtravelsolution.com\/de\/refund-policy\/"]}]},{"@type":"BreadcrumbList","@id":"https:\/\/aircairo.gmtravelsolution.com\/de\/refund-policy\/#breadcrumb","itemListElement":[{"@type":"ListItem","position":1,"name":"Home","item":"https:\/\/aircairo.gmtravelsolution.com\/"},{"@type":"ListItem","position":2,"name":"R\u00fcckgaberecht"}]},{"@type":"WebSite","@id":"https:\/\/aircairo.gmtravelsolution.com\/#website","url":"https:\/\/aircairo.gmtravelsolution.com\/","name":"Global Marketing","description":"Travel Solution","potentialAction":[{"@type":"SearchAction","target":{"@type":"EntryPoint","urlTemplate":"https:\/\/aircairo.gmtravelsolution.com\/?s={search_term_string}"},"query-input":"required name=search_term_string"}],"inLanguage":"de"}]}},"_links":{"self":[{"href":"https:\/\/aircairo.gmtravelsolution.com\/de\/wp-json\/wp\/v2\/pages\/38964"}],"collection":[{"href":"https:\/\/aircairo.gmtravelsolution.com\/de\/wp-json\/wp\/v2\/pages"}],"about":[{"href":"https:\/\/aircairo.gmtravelsolution.com\/de\/wp-json\/wp\/v2\/types\/page"}],"author":[{"embeddable":true,"href":"https:\/\/aircairo.gmtravelsolution.com\/de\/wp-json\/wp\/v2\/users\/2"}],"replies":[{"embeddable":true,"href":"https:\/\/aircairo.gmtravelsolution.com\/de\/wp-json\/wp\/v2\/comments?post=38964"}],"version-history":[{"count":4,"href":"https:\/\/aircairo.gmtravelsolution.com\/de\/wp-json\/wp\/v2\/pages\/38964\/revisions"}],"predecessor-version":[{"id":38975,"href":"https:\/\/aircairo.gmtravelsolution.com\/de\/wp-json\/wp\/v2\/pages\/38964\/revisions\/38975"}],"wp:attachment":[{"href":"https:\/\/aircairo.gmtravelsolution.com\/de\/wp-json\/wp\/v2\/media?parent=38964"}],"curies":[{"name":"wp","href":"https:\/\/api.w.org\/{rel}","templated":true}]}}