{"id":13901,"date":"2019-02-04T19:33:51","date_gmt":"2019-02-04T19:33:51","guid":{"rendered":"http:\/\/54.93.82.39\/about-us\/"},"modified":"2022-07-31T04:08:42","modified_gmt":"2022-07-31T02:08:42","slug":"about-us","status":"publish","type":"page","link":"https:\/\/aircairo.gmtravelsolution.com\/de\/about-us\/","title":{"rendered":"\u00dcber uns"},"content":{"rendered":"<p>[vc_row text_align=&#8220;center-md-sm-ms&#8220;][vc_column offset=&#8220;vc_col-lg-6&#8243;][like_sc_header type=&#8220;h2&#8243; subheader=&#8220;\u00dcber&#8220; header=&#8220;Global Marketing&#8220; style=&#8220;header-subheader&#8220; color=&#8220;black&#8220; subcolor=&#8220;main&#8220; align=&#8220;left&#8220; size=&#8220;default&#8220; transform=&#8220;default&#8220; sr=&#8220;default&#8220; href=&#8220;&#8220; icon=&#8220;&#8220; image=&#8220;&#8220; icon_bg=&#8220;transparent&#8220; size_px=&#8220;&#8220; use_theme_fonts=&#8220;yes&#8220; google_fonts=&#8220;&#8220; id=&#8220;&#8220; class=&#8220;&#8220; css=&#8220;.vc_custom_1620791273998{margin-top: 0px !important;margin-bottom: 16px !important;}&#8220;][like_sc_content_width align=&#8220;left&#8220; max_width=&#8220;620&#8243; id=&#8220;&#8220; class=&#8220;&#8220; css=&#8220;&#8220;][vc_column_text]Global Marketing Travel Solution ist seit 2015 als exklusiver Vermarkter f\u00fcr VIP-Services an \u00e4gyptischen Flugh\u00e4fen f\u00fcr Pearl Assist etabliert. Basierend auf unserem tiefen und erneuerten Verst\u00e4ndnis der Bed\u00fcrfnisse und Anforderungen des Reisenden durch die Flugh\u00e4fen \u00c4gyptens, bieten wir praktische und schrittweise L\u00f6sungen an, um die Lasten f\u00fcr den Reisenden zu tragen und das Gedr\u00e4nge durch die \u00e4gyptischen Flugh\u00e4fen zu vermeiden und unseren Service zu verbessern, um die Reise unseres Kunden in Kombination mit Privatsph\u00e4re, Komfort und Vergn\u00fcgen zu werden. Unsere Bem\u00fchungen waren sehr erfolgreich und das hat unsere Kontinuit\u00e4t und Expansion gesichert.[\/vc_column_text][\/like_sc_content_width][like_sc_empty_space height_xl=&#8220;48&#8243; height_lg=&#8220;&#8220; height_md=&#8220;32&#8243; height_sm=&#8220;&#8220; height_ms=&#8220;0&#8243; height_xs=&#8220;&#8220; id=&#8220;&#8220; class=&#8220;&#8220; css=&#8220;&#8220;][like_sc_button header=&#8220;Unsere Dienstleistungen&#8220; href=&#8220;\/services-page&#8220; size=&#8220;default&#8220; align=&#8220;default&#8220; color=&#8220;main&#8220; color_hover=&#8220;default&#8220; inline=&#8220;default&#8220; id=&#8220;&#8220; class=&#8220;&#8220; css=&#8220;&#8220; target=&#8220;self&#8220;][like_sc_empty_space height_xl=&#8220;0&#8243; height_lg=&#8220;&#8220; height_md=&#8220;64&#8243; height_sm=&#8220;&#8220; height_ms=&#8220;&#8220; height_xs=&#8220;&#8220; id=&#8220;&#8220; class=&#8220;&#8220; css=&#8220;&#8220;][\/vc_column][vc_column offset=&#8220;vc_col-lg-6&#8243;][like_sc_image_header image=&#8220;9137&#8243; image2=&#8220;&#8220; header=&#8220;{{ Watch }} our video&#8220; href=&#8220;https:\/\/www.youtube.com\/watch?v=7d89ZhHRJPU&#8220; style=&#8220;descr&#8220; id=&#8220;&#8220; class=&#8220;&#8220; css=&#8220;&#8220;][\/vc_column][\/vc_row][vc_row][vc_column][like_sc_empty_space height_xl=&#8220;90&#8243; height_lg=&#8220;&#8220; height_md=&#8220;&#8220; height_sm=&#8220;&#8220; height_ms=&#8220;32px&#8220; height_xs=&#8220;&#8220; id=&#8220;&#8220; class=&#8220;&#8220; css=&#8220;&#8220;][\/vc_column][\/vc_row][vc_section full_width=&#8220;stretch_row&#8220; parallax=&#8220;content-moving&#8220; parallax_speed_bg=&#8220;3&#8243; bg_color_select=&#8220;second&#8220; bg_overlay=&#8220;black&#8220; css=&#8220;.vc_custom_1610983996018{background-image: url(#) !important;}&#8220;][vc_row][vc_column width=&#8220;1\/2&#8243;][like_sc_empty_space height_xl=&#8220;90&#8243; height_lg=&#8220;&#8220; height_md=&#8220;&#8220; height_sm=&#8220;&#8220; height_ms=&#8220;&#8220; height_xs=&#8220;&#8220; id=&#8220;&#8220; class=&#8220;&#8220; css=&#8220;&#8220;][like_sc_header type=&#8220;h2&#8243; subheader=&#8220;\u00dcber&#8220; header=&#8220;Pearl Assist&#8220; style=&#8220;header-subheader&#8220; color=&#8220;white&#8220; subcolor=&#8220;main&#8220; align=&#8220;center&#8220; size=&#8220;large&#8220; transform=&#8220;default&#8220; sr=&#8220;default&#8220; href=&#8220;&#8220; icon=&#8220;&#8220; image=&#8220;&#8220; icon_bg=&#8220;transparent&#8220; size_px=&#8220;&#8220; use_theme_fonts=&#8220;yes&#8220; google_fonts=&#8220;&#8220; id=&#8220;&#8220; class=&#8220;&#8220; css=&#8220;.vc_custom_1620791757334{margin-bottom: 8px !important;}&#8220;][like_sc_content_width align=&#8220;center&#8220; max_width=&#8220;670&#8243; id=&#8220;&#8220; class=&#8220;&#8220; css=&#8220;&#8220;][vc_column_text]Um sicherzustellen, dass es alle Anforderungen des Reisenden erf\u00fcllt und dass er den gr\u00f6\u00dftm\u00f6glichen Komfort erh\u00e4lt. Unsere Dienstleistungen beginnen ab dem ersten Moment der Ankunft unseres Kunden an den \u00e4gyptischen Flugh\u00e4fen und bis zur T\u00fcr des Hotels (oder umgekehrt) auf verschiedenen Ebenen, um den Anforderungen jedes Kunden gerecht zu werden.<\/p>\n<p>Unsere Rolle h\u00f6rt nicht auf, den Service zu erbringen, sondern wir verfolgen jeden Kunden, um sicherzustellen, dass der Kunde von allen Vorteilen des Service zur Verbesserung unserer Dienstleistungen profitiert.[\/vc_column_text][\/like_sc_content_width][vc_empty_space][vc_single_image image=&#8220;10246&#8243; img_size=&#8220;medium&#8220; alignment=&#8220;center&#8220; style=&#8220;vc_box_shadow_3d&#8220; css_animation=&#8220;bounceIn&#8220;][like_sc_empty_space height_xl=&#8220;24&#8243; height_lg=&#8220;&#8220; height_md=&#8220;&#8220; height_sm=&#8220;&#8220; height_ms=&#8220;&#8220; height_xs=&#8220;&#8220; id=&#8220;&#8220; class=&#8220;&#8220; css=&#8220;&#8220;][like_sc_button header=&#8220;Frag uns&#8220; href=&#8220;\/contacts\/&#8220; size=&#8220;default&#8220; align=&#8220;center&#8220; color=&#8220;main&#8220; color_hover=&#8220;white&#8220; inline=&#8220;default&#8220; id=&#8220;&#8220; class=&#8220;&#8220; css=&#8220;&#8220; target=&#8220;self&#8220;][like_sc_empty_space height_xl=&#8220;170&#8243; height_lg=&#8220;&#8220; height_md=&#8220;&#8220; height_sm=&#8220;&#8220; height_ms=&#8220;&#8220; height_xs=&#8220;&#8220; id=&#8220;&#8220; class=&#8220;&#8220; css=&#8220;&#8220;][\/vc_column][vc_column width=&#8220;1\/2&#8243;][like_sc_empty_space height_xl=&#8220;90&#8243; height_lg=&#8220;&#8220; height_md=&#8220;&#8220; height_sm=&#8220;&#8220; height_ms=&#8220;&#8220; height_xs=&#8220;&#8220; id=&#8220;&#8220; class=&#8220;&#8220; css=&#8220;&#8220;][vc_column_text]Jedes Jahr werden \u00fcber 100.000 Menschen vom Pearl Assist Team unterst\u00fctzt. Das kompetente Team wird immer individuell ausgew\u00e4hlt, um sicherzustellen, dass es die Sprache des Gastes spricht, den es trifft. Es versteht die sehr unterschiedlichen Bed\u00fcrfnisse von G\u00e4sten, die gesch\u00e4ftlich, im Urlaub, beim Transfer, bei der Ankunft oder bei der Abreise reisen. Die Begr\u00fc\u00dfung ist immer ein individueller Service bei An- oder Abreise. Spezielle Check-in-Schalter, schnelle Einwanderung, spezielle Wartebereiche und unsere Premium-Lounges bieten die Werkzeuge, um ein nahtloses Flughafenerlebnis zu gew\u00e4hrleisten.<\/p>\n<p>Pearl Assist bietet im \u00fcber 50 L\u00e4ndern weltweit an. Pearl Assist erh\u00e4ltlich bei:<\/p>\n<p>Kuwait &#8211; Egypt &#8211; Bahrain &#8211; Oman &#8211; United Arab Emirates &#8211; Saudi Arabia &#8211; Qatar &#8211; Jordan &#8211; Afghanistan &#8211; Morocco &#8211; Switzerland &#8211; Mozambique &#8211; Netherlands &#8211; New Zealand &#8211; France &#8211; Afghanistan &#8211; Malaysia &#8211; Spain &#8211; Angola &#8211; Australia &#8211; Georgia &#8211; Mauritius &#8211; Germany &#8211; Ghana &#8211; Greece &#8211; Thailand &#8211; Hong Kong &#8211; Tunisia &#8211; India &#8211; Turkey &#8211; Austria &#8211; Indonesia &#8211; Nigeria &#8211; USA &#8211; Brazil &#8211; Uganda &#8211; United Kingdom &#8211; Canada &#8211; Japan &#8211; Rwanda &#8211; China &#8211; Cyprus.[\/vc_column_text][vc_empty_space][vc_images_carousel images=&#8220;10218,10219,10220,10221,10222,10228,10229,10230,10234,10235,10236,10242,10243,10245,10255,10256,10257,10258,10259,10260,10261,10262,10263,10264,10274,10275,10276,10278,10279,10280,10281,10282,10284,10285,10321,10287,10288,10289,10290,10291,10292,10293,10294,10295,10296,10297,10298,10299,10300,10301,10302,10303,10304,10314,10305,10306,10308,10309,10310,10311,10312,10313,10315,10316,10317,10318,10319,10320&#8243; img_size=&#8220;516&#215;300&#8243; onclick=&#8220;link_no&#8220; speed=&#8220;3000&#8243; slides_per_view=&#8220;6&#8243; autoplay=&#8220;yes&#8220; hide_pagination_control=&#8220;yes&#8220; hide_prev_next_buttons=&#8220;yes&#8220; wrap=&#8220;yes&#8220;][vc_empty_space][\/vc_column][\/vc_row][\/vc_section][vc_section full_width=&#8220;stretch_row&#8220; parallax=&#8220;content-moving&#8220; parallax_speed_bg=&#8220;3&#8243; bg_color_select=&#8220;black&#8220; bg_overlay=&#8220;black&#8220; css=&#8220;.vc_custom_1549309319661{background-image: url(#) !important;}&#8220;][vc_row][vc_column][like_sc_empty_space height_xl=&#8220;90&#8243; height_lg=&#8220;&#8220; height_md=&#8220;&#8220; height_sm=&#8220;&#8220; height_ms=&#8220;&#8220; height_xs=&#8220;&#8220; id=&#8220;&#8220; class=&#8220;&#8220; css=&#8220;&#8220;][like_sc_header type=&#8220;h2&#8243; subheader=&#8220;Verl\u00e4sslichkeit&#8220; header=&#8220;H\u00f6chste Wichtigkeit&#8220; style=&#8220;header-subheader&#8220; color=&#8220;white&#8220; subcolor=&#8220;main&#8220; align=&#8220;center&#8220; size=&#8220;large&#8220; transform=&#8220;default&#8220; sr=&#8220;default&#8220; href=&#8220;&#8220; icon=&#8220;&#8220; image=&#8220;&#8220; icon_bg=&#8220;transparent&#8220; size_px=&#8220;&#8220; use_theme_fonts=&#8220;yes&#8220; google_fonts=&#8220;&#8220; id=&#8220;&#8220; class=&#8220;&#8220; css=&#8220;.vc_custom_1620791792311{margin-bottom: 8px !important;}&#8220;][like_sc_content_width align=&#8220;center&#8220; max_width=&#8220;670&#8243; id=&#8220;&#8220; class=&#8220;&#8220; css=&#8220;&#8220;][vc_column_text]Um sicherzustellen, dass es alle Anforderungen des Reisenden erf\u00fcllt und dass er den maximalen Komfort erh\u00e4lt. Unsere Dienstleistungen beginnen ab dem ersten Moment der Ankunft unseres Kunden auf den \u00e4gyptischen Flugh\u00e4fen und bis zur T\u00fcr der Hotelt\u00fcr oder seines Ziels und umgekehrt auf verschiedenen Ebenen, um den Anforderungen jedes Kunden gerecht zu werden.<\/p>\n<p>Unsere Rolle h\u00f6rt nicht auf, den Service bereitzustellen, sondern wir setzen uns mit jedem Kunden in Verbindung, um sicherzustellen, dass der Kunde von allen Privilegien des Service zur Verbesserung unserer Services profitiert.[\/vc_column_text][\/like_sc_content_width][like_sc_empty_space height_xl=&#8220;24&#8243; height_lg=&#8220;&#8220; height_md=&#8220;&#8220; height_sm=&#8220;&#8220; height_ms=&#8220;&#8220; height_xs=&#8220;&#8220; id=&#8220;&#8220; class=&#8220;&#8220; css=&#8220;&#8220;][like_sc_button header=&#8220;Full-Service&#8220; href=&#8220;\/contacts\/&#8220; size=&#8220;default&#8220; align=&#8220;center&#8220; color=&#8220;main&#8220; color_hover=&#8220;white&#8220; inline=&#8220;default&#8220; id=&#8220;&#8220; class=&#8220;&#8220; css=&#8220;&#8220; target=&#8220;self&#8220;][like_sc_empty_space height_xl=&#8220;170&#8243; height_lg=&#8220;&#8220; height_md=&#8220;&#8220; height_sm=&#8220;&#8220; height_ms=&#8220;&#8220; height_xs=&#8220;&#8220; id=&#8220;&#8220; class=&#8220;&#8220; css=&#8220;&#8220;][\/vc_column][\/vc_row][\/vc_section][vc_section full_width=&#8220;stretch_row&#8220; parallax=&#8220;content-moving&#8220; parallax_speed_bg=&#8220;3&#8243; bg_color_select=&#8220;second&#8220; bg_overlay=&#8220;black&#8220; css=&#8220;.vc_custom_1610850078462{background-image: url(#) !important;}&#8220;][vc_row][vc_column][like_sc_empty_space height_xl=&#8220;90&#8243; height_lg=&#8220;&#8220; height_md=&#8220;&#8220; height_sm=&#8220;&#8220; height_ms=&#8220;&#8220; height_xs=&#8220;&#8220; id=&#8220;&#8220; class=&#8220;&#8220; css=&#8220;&#8220;][like_sc_header type=&#8220;h2&#8243; subheader=&#8220;Unsere&#8220; header=&#8220;Vision&#8220; style=&#8220;header-subheader&#8220; color=&#8220;white&#8220; subcolor=&#8220;main&#8220; align=&#8220;center&#8220; size=&#8220;large&#8220; transform=&#8220;default&#8220; sr=&#8220;default&#8220; href=&#8220;&#8220; icon=&#8220;&#8220; image=&#8220;&#8220; icon_bg=&#8220;transparent&#8220; size_px=&#8220;&#8220; use_theme_fonts=&#8220;yes&#8220; google_fonts=&#8220;&#8220; id=&#8220;&#8220; class=&#8220;&#8220; css=&#8220;.vc_custom_1620791598036{margin-bottom: 8px !important;}&#8220;][like_sc_content_width align=&#8220;center&#8220; max_width=&#8220;670&#8243; id=&#8220;&#8220; class=&#8220;&#8220; css=&#8220;&#8220;][vc_column_text]Mit der Zunahme der Zahl der Passagiere durch die \u00e4gyptischen Flugh\u00e4fen, sei es f\u00fcr den Tourismus oder die Wirtschaft, und der Geschwindigkeit der Bewegung in der ganzen Welt und der Bedeutung jeder Minute f\u00fcr den Reisenden mit unserem erneuerten Verst\u00e4ndnis der Notwendigkeit, dass der Reisende die Last der Reisen loswerden muss, und seinem dringenden und anhaltenden Wunsch, die Fertigstellung der Reiseverfahren so bald wie m\u00f6glich zu gew\u00e4hrleisten, um eine gute Erfahrung mit Reisen auf \u00e4gyptischen Flugh\u00e4fen zu machen.<\/p>\n<p>Unsere Marketingidee entstand f\u00fcr die Meet &amp; Assist-Dienstleistungen und die Definition des Reisenden sowie die Wertsch\u00f6pfungsrechnung f\u00fcr den Reisenden, die weit \u00fcber dem Wert des bezahlten Geldes liegt.[\/vc_column_text][\/like_sc_content_width][like_sc_empty_space height_xl=&#8220;24&#8243; height_lg=&#8220;&#8220; height_md=&#8220;&#8220; height_sm=&#8220;&#8220; height_ms=&#8220;&#8220; height_xs=&#8220;&#8220; id=&#8220;&#8220; class=&#8220;&#8220; css=&#8220;&#8220;][like_sc_button header=&#8220;Full-Service&#8220; href=&#8220;\/services-page\/&#8220; size=&#8220;default&#8220; align=&#8220;center&#8220; color=&#8220;main&#8220; color_hover=&#8220;default&#8220; inline=&#8220;default&#8220; id=&#8220;&#8220; class=&#8220;&#8220; css=&#8220;&#8220; target=&#8220;self&#8220;][like_sc_empty_space height_xl=&#8220;170&#8243; height_lg=&#8220;&#8220; height_md=&#8220;&#8220; height_sm=&#8220;&#8220; height_ms=&#8220;&#8220; height_xs=&#8220;&#8220; id=&#8220;&#8220; class=&#8220;&#8220; css=&#8220;&#8220;][\/vc_column][\/vc_row][\/vc_section][vc_section full_width=&#8220;stretch_row&#8220; parallax=&#8220;content-moving&#8220; parallax_speed_bg=&#8220;3&#8243; bg_color_select=&#8220;black&#8220; bg_overlay=&#8220;black&#8220; css=&#8220;.vc_custom_1610850156443{background-image: url(#) !important;}&#8220;][vc_row][vc_column][like_sc_empty_space height_xl=&#8220;90&#8243; height_lg=&#8220;&#8220; height_md=&#8220;&#8220; height_sm=&#8220;&#8220; height_ms=&#8220;&#8220; height_xs=&#8220;&#8220; id=&#8220;&#8220; class=&#8220;&#8220; css=&#8220;&#8220;][like_sc_header type=&#8220;h2&#8243; subheader=&#8220;Unsere&#8220; header=&#8220;Mission&#8220; style=&#8220;header-subheader&#8220; color=&#8220;white&#8220; subcolor=&#8220;main&#8220; align=&#8220;center&#8220; size=&#8220;large&#8220; transform=&#8220;default&#8220; sr=&#8220;default&#8220; href=&#8220;&#8220; icon=&#8220;&#8220; image=&#8220;&#8220; icon_bg=&#8220;transparent&#8220; size_px=&#8220;&#8220; use_theme_fonts=&#8220;yes&#8220; google_fonts=&#8220;&#8220; id=&#8220;&#8220; class=&#8220;&#8220; css=&#8220;.vc_custom_1620791659761{margin-bottom: 8px !important;}&#8220;][like_sc_content_width align=&#8220;center&#8220; max_width=&#8220;670&#8243; id=&#8220;&#8220; class=&#8220;&#8220; css=&#8220;&#8220;][vc_column_text] Steigern Sie den Markt f\u00fcr Meet &amp; Assist-Services auf den \u00e4gyptischen Flugh\u00e4fen und bieten Sie den Passagieren alle Informationen und Arten unserer Dienstleistungen und den Mehrwert des Reisenden, wenn Sie die Meet &amp; Assist-Services auf \u00e4gyptischen Flugh\u00e4fen erleben.[\/vc_column_text][\/like_sc_content_width][like_sc_empty_space height_xl=&#8220;24&#8243; height_lg=&#8220;&#8220; height_md=&#8220;&#8220; height_sm=&#8220;&#8220; height_ms=&#8220;&#8220; height_xs=&#8220;&#8220; id=&#8220;&#8220; class=&#8220;&#8220; css=&#8220;&#8220;][like_sc_button header=&#8220;Kontaktiere uns&#8220; href=&#8220;\/contacts&#8220; size=&#8220;default&#8220; align=&#8220;center&#8220; color=&#8220;main&#8220; color_hover=&#8220;white&#8220; inline=&#8220;default&#8220; id=&#8220;&#8220; class=&#8220;&#8220; css=&#8220;&#8220; target=&#8220;self&#8220;][like_sc_empty_space height_xl=&#8220;170&#8243; height_lg=&#8220;&#8220; height_md=&#8220;&#8220; height_sm=&#8220;&#8220; height_ms=&#8220;&#8220; height_xs=&#8220;&#8220; id=&#8220;&#8220; class=&#8220;&#8220; css=&#8220;&#8220;][\/vc_column][\/vc_row][\/vc_section][vc_row][vc_column][vc_empty_space][vc_images_carousel images=&#8220;9201,9200,9199,9198,9197,9196,9195,9194,9193,9192,9191,9190,9189,9188,9187,9186,9185,9184,9183,9182,9181,9180,9177,9176,9175,9174,9173,9172,9171,9170,9169,9168,9167&#8243; img_size=&#8220;full&#8220; onclick=&#8220;link_no&#8220; speed=&#8220;3000&#8243; slides_per_view=&#8220;5&#8243; autoplay=&#8220;yes&#8220; hide_pagination_control=&#8220;yes&#8220; hide_prev_next_buttons=&#8220;yes&#8220; wrap=&#8220;yes&#8220;][vc_empty_space][\/vc_column][\/vc_row]<\/p>\n","protected":false},"excerpt":{"rendered":"<p>[vc_row text_align=&#8220;center-md-sm-ms&#8220;][vc_column offset=&#8220;vc_col-lg-6&#8243;][like_sc_header type=&#8220;h2&#8243; subheader=&#8220;\u00dcber&#8220; header=&#8220;Global Marketing&#8220; style=&#8220;header-subheader&#8220; color=&#8220;black&#8220; subcolor=&#8220;main&#8220; align=&#8220;left&#8220; size=&#8220;default&#8220; transform=&#8220;default&#8220; sr=&#8220;default&#8220; href=&#8220;&#8220; icon=&#8220;&#8220; image=&#8220;&#8220; icon_bg=&#8220;transparent&#8220; size_px=&#8220;&#8220; use_theme_fonts=&#8220;yes&#8220;<\/p>\n","protected":false},"author":3,"featured_media":0,"parent":0,"menu_order":0,"comment_status":"closed","ping_status":"closed","template":"","meta":{"_mi_skip_tracking":false,"footnotes":""},"yoast_head":"<!-- This site is optimized with the Yoast SEO Premium plugin v21.5 (Yoast SEO v21.5) - https:\/\/yoast.com\/wordpress\/plugins\/seo\/ -->\n<title>\u00dcber uns - Global Marketing<\/title>\n<meta name=\"robots\" content=\"index, follow, max-snippet:-1, max-image-preview:large, max-video-preview:-1\" \/>\n<link rel=\"canonical\" href=\"https:\/\/aircairo.gmtravelsolution.com\/?page_id=8141\" \/>\n<meta property=\"og:locale\" content=\"de_DE\" \/>\n<meta property=\"og:type\" content=\"article\" \/>\n<meta property=\"og:title\" content=\"\u00dcber uns\" \/>\n<meta property=\"og:description\" content=\"[vc_row text_align=&#8220;center-md-sm-ms&#8220;][vc_column offset=&#8220;vc_col-lg-6&#8243;][like_sc_header type=&#8220;h2&#8243; subheader=&#8220;\u00dcber&#8220; header=&#8220;Global Marketing&#8220; style=&#8220;header-subheader&#8220; color=&#8220;black&#8220; subcolor=&#8220;main&#8220; align=&#8220;left&#8220; size=&#8220;default&#8220; transform=&#8220;default&#8220; sr=&#8220;default&#8220; href=&#8220;&#8220; icon=&#8220;&#8220; image=&#8220;&#8220; icon_bg=&#8220;transparent&#8220; size_px=&#8220;&#8220; use_theme_fonts=&#8220;yes&#8220;\" \/>\n<meta property=\"og:url\" content=\"https:\/\/aircairo.gmtravelsolution.com\/?page_id=8141\" \/>\n<meta property=\"og:site_name\" content=\"Global Marketing\" \/>\n<meta property=\"article:modified_time\" content=\"2022-07-31T02:08:42+00:00\" \/>\n<meta property=\"og:image\" content=\"https:\/\/aircairo.gmtravelsolution.com\/wp-content\/uploads\/2023\/11\/GM-TRaverl-solution-Fast-Track-Airport-Service-Featured-Image.jpg\" \/>\n\t<meta property=\"og:image:width\" content=\"1200\" \/>\n\t<meta property=\"og:image:height\" content=\"675\" \/>\n\t<meta property=\"og:image:type\" content=\"image\/jpeg\" \/>\n<meta name=\"twitter:card\" content=\"summary_large_image\" \/>\n<meta name=\"twitter:label1\" content=\"Gesch\u00e4tzte Lesezeit\" \/>\n\t<meta name=\"twitter:data1\" content=\"8\u00a0Minuten\" \/>\n<script type=\"application\/ld+json\" class=\"yoast-schema-graph\">{\"@context\":\"https:\/\/schema.org\",\"@graph\":[{\"@type\":\"WebPage\",\"@id\":\"https:\/\/aircairo.gmtravelsolution.com\/?page_id=8141\",\"url\":\"https:\/\/aircairo.gmtravelsolution.com\/?page_id=8141\",\"name\":\"\u00dcber uns - Global Marketing\",\"isPartOf\":{\"@id\":\"https:\/\/aircairo.gmtravelsolution.com\/#website\"},\"datePublished\":\"2019-02-04T19:33:51+00:00\",\"dateModified\":\"2022-07-31T02:08:42+00:00\",\"breadcrumb\":{\"@id\":\"https:\/\/aircairo.gmtravelsolution.com\/?page_id=8141#breadcrumb\"},\"inLanguage\":\"de\",\"potentialAction\":[{\"@type\":\"ReadAction\",\"target\":[\"https:\/\/aircairo.gmtravelsolution.com\/?page_id=8141\"]}]},{\"@type\":\"BreadcrumbList\",\"@id\":\"https:\/\/aircairo.gmtravelsolution.com\/?page_id=8141#breadcrumb\",\"itemListElement\":[{\"@type\":\"ListItem\",\"position\":1,\"name\":\"Home\",\"item\":\"https:\/\/aircairo.gmtravelsolution.com\/\"},{\"@type\":\"ListItem\",\"position\":2,\"name\":\"\u00dcber uns\"}]},{\"@type\":\"WebSite\",\"@id\":\"https:\/\/aircairo.gmtravelsolution.com\/#website\",\"url\":\"https:\/\/aircairo.gmtravelsolution.com\/\",\"name\":\"Global Marketing\",\"description\":\"Travel Solution\",\"potentialAction\":[{\"@type\":\"SearchAction\",\"target\":{\"@type\":\"EntryPoint\",\"urlTemplate\":\"https:\/\/aircairo.gmtravelsolution.com\/?s={search_term_string}\"},\"query-input\":\"required name=search_term_string\"}],\"inLanguage\":\"de\"}]}<\/script>\n<!-- \/ Yoast SEO Premium plugin. -->","yoast_head_json":{"title":"\u00dcber uns - Global Marketing","robots":{"index":"index","follow":"follow","max-snippet":"max-snippet:-1","max-image-preview":"max-image-preview:large","max-video-preview":"max-video-preview:-1"},"canonical":"https:\/\/aircairo.gmtravelsolution.com\/?page_id=8141","og_locale":"de_DE","og_type":"article","og_title":"\u00dcber uns","og_description":"[vc_row text_align=&#8220;center-md-sm-ms&#8220;][vc_column offset=&#8220;vc_col-lg-6&#8243;][like_sc_header type=&#8220;h2&#8243; subheader=&#8220;\u00dcber&#8220; header=&#8220;Global Marketing&#8220; style=&#8220;header-subheader&#8220; color=&#8220;black&#8220; subcolor=&#8220;main&#8220; align=&#8220;left&#8220; size=&#8220;default&#8220; transform=&#8220;default&#8220; sr=&#8220;default&#8220; href=&#8220;&#8220; icon=&#8220;&#8220; image=&#8220;&#8220; icon_bg=&#8220;transparent&#8220; size_px=&#8220;&#8220; use_theme_fonts=&#8220;yes&#8220;","og_url":"https:\/\/aircairo.gmtravelsolution.com\/?page_id=8141","og_site_name":"Global Marketing","article_modified_time":"2022-07-31T02:08:42+00:00","og_image":[{"width":1200,"height":675,"url":"https:\/\/aircairo.gmtravelsolution.com\/wp-content\/uploads\/2023\/11\/GM-TRaverl-solution-Fast-Track-Airport-Service-Featured-Image.jpg","type":"image\/jpeg"}],"twitter_card":"summary_large_image","twitter_misc":{"Gesch\u00e4tzte Lesezeit":"8\u00a0Minuten"},"schema":{"@context":"https:\/\/schema.org","@graph":[{"@type":"WebPage","@id":"https:\/\/aircairo.gmtravelsolution.com\/?page_id=8141","url":"https:\/\/aircairo.gmtravelsolution.com\/?page_id=8141","name":"\u00dcber uns - Global Marketing","isPartOf":{"@id":"https:\/\/aircairo.gmtravelsolution.com\/#website"},"datePublished":"2019-02-04T19:33:51+00:00","dateModified":"2022-07-31T02:08:42+00:00","breadcrumb":{"@id":"https:\/\/aircairo.gmtravelsolution.com\/?page_id=8141#breadcrumb"},"inLanguage":"de","potentialAction":[{"@type":"ReadAction","target":["https:\/\/aircairo.gmtravelsolution.com\/?page_id=8141"]}]},{"@type":"BreadcrumbList","@id":"https:\/\/aircairo.gmtravelsolution.com\/?page_id=8141#breadcrumb","itemListElement":[{"@type":"ListItem","position":1,"name":"Home","item":"https:\/\/aircairo.gmtravelsolution.com\/"},{"@type":"ListItem","position":2,"name":"\u00dcber uns"}]},{"@type":"WebSite","@id":"https:\/\/aircairo.gmtravelsolution.com\/#website","url":"https:\/\/aircairo.gmtravelsolution.com\/","name":"Global Marketing","description":"Travel Solution","potentialAction":[{"@type":"SearchAction","target":{"@type":"EntryPoint","urlTemplate":"https:\/\/aircairo.gmtravelsolution.com\/?s={search_term_string}"},"query-input":"required name=search_term_string"}],"inLanguage":"de"}]}},"_links":{"self":[{"href":"https:\/\/aircairo.gmtravelsolution.com\/de\/wp-json\/wp\/v2\/pages\/13901"}],"collection":[{"href":"https:\/\/aircairo.gmtravelsolution.com\/de\/wp-json\/wp\/v2\/pages"}],"about":[{"href":"https:\/\/aircairo.gmtravelsolution.com\/de\/wp-json\/wp\/v2\/types\/page"}],"author":[{"embeddable":true,"href":"https:\/\/aircairo.gmtravelsolution.com\/de\/wp-json\/wp\/v2\/users\/3"}],"replies":[{"embeddable":true,"href":"https:\/\/aircairo.gmtravelsolution.com\/de\/wp-json\/wp\/v2\/comments?post=13901"}],"version-history":[{"count":6,"href":"https:\/\/aircairo.gmtravelsolution.com\/de\/wp-json\/wp\/v2\/pages\/13901\/revisions"}],"predecessor-version":[{"id":21524,"href":"https:\/\/aircairo.gmtravelsolution.com\/de\/wp-json\/wp\/v2\/pages\/13901\/revisions\/21524"}],"wp:attachment":[{"href":"https:\/\/aircairo.gmtravelsolution.com\/de\/wp-json\/wp\/v2\/media?parent=13901"}],"curies":[{"name":"wp","href":"https:\/\/api.w.org\/{rel}","templated":true}]}}