{"id":13834,"date":"2021-01-10T08:59:26","date_gmt":"2021-01-10T08:59:26","guid":{"rendered":"http:\/\/54.93.82.39\/private-jet\/"},"modified":"2021-05-11T08:24:07","modified_gmt":"2021-05-11T08:24:07","slug":"private-jet","status":"publish","type":"page","link":"https:\/\/aircairo.gmtravelsolution.com\/de\/private-jet\/","title":{"rendered":"Private Jet"},"content":{"rendered":"<p>[vc_row full_width=&#8220;stretch_row_content_no_spaces&#8220; bg_color_select=&#8220;black&#8220;][vc_column][like_sc_zoom_slider category_filter=&#8220;503&#8243; margin=&#8220;true&#8220; overlay=&#8220;dots&#8220; zoom=&#8220;default&#8220; zs_speed=&#8220;20000&#8243; zs_interval=&#8220;4500&#8243; zs_content_effect=&#8220;fade-top&#8220; zs_origin=&#8220;center-center&#8220; arrows=&#8220;true&#8220; id=&#8220;&#8220; class=&#8220;&#8220; css=&#8220;&#8220;][\/vc_column][\/vc_row][vc_section full_width=&#8220;stretch_row&#8220; bg_color_select=&#8220;gray&#8220;][vc_row equal_height=&#8220;yes&#8220; css=&#8220;.vc_custom_1607286163193{padding-top: 2% !important;}&#8220;][vc_column width=&#8220;1\/3&#8243;][like_sc_header type=&#8220;h3&#8243; subheader=&#8220;Privatjet-Service&#8220; header=&#8220;Fliegen Sie mit Stil und Bequemlichkeit&#8220; style=&#8220;header-subheader&#8220; color=&#8220;black&#8220; subcolor=&#8220;main&#8220; align=&#8220;left&#8220; size=&#8220;default&#8220; transform=&#8220;default&#8220; sr=&#8220;default&#8220; href=&#8220;&#8220; icon=&#8220;&#8220; image=&#8220;&#8220; icon_bg=&#8220;transparent&#8220; size_px=&#8220;&#8220; use_theme_fonts=&#8220;yes&#8220; google_fonts=&#8220;&#8220; id=&#8220;&#8220; class=&#8220;&#8220; css=&#8220;&#8220;][vc_empty_space height=&#8220;10px&#8220;][vc_column_text]Zus\u00e4tzlich zu unseren VIP-Services bieten wir unseren Kunden einen Privatjet-Charterservice von \/ zu jedem Flughafen der Welt an. Unser Unternehmen hat verschiedene internationale Kunden bei ihrem Bestreben unterst\u00fctzt, problemlos, luxuri\u00f6s und p\u00fcnktlich zu reisen.<br \/>\nMit unserem Privatjet-Charter k\u00f6nnen Gesch\u00e4fts- und Freizeitreisende Flexibilit\u00e4t, Privatsph\u00e4re und Sicherheit von unserer bestens ausgebildeten Crew erwarten. Schon vor dem Einsteigen k\u00fcmmern wir uns um alles, von den Papieren bis hin zum Gep\u00e4ck, das rund um die Uhr verf\u00fcgbar ist.<\/p>\n<p>Wir haben eine private Cessna 680 f\u00fcr 10 Passagiere und eine Beachcraft King Air B350i f\u00fcr 8 Personen. Um Sie zu fliegen, werden die erfahrensten Piloten und ein professionelles Team von Gastlichkeit mit einer Speise- und Getr\u00e4nkekarte eingesetzt, die dem Niveau der Raffinesse unserer Kunden entspricht.<\/p>\n<p>Alles, was Sie tun m\u00fcssen, ist, uns die erforderlichen Reisedetails mitzuteilen und uns die Koordination und Nachverfolgung aller Details Ihrer Reise zu \u00fcberlassen, um Ihnen eine individuelle Reise zu gew\u00e4hrleisten, die die Ziele Ihrer Reise mit Auszeichnung erreicht.<br \/>\n[\/vc_column_text][\/vc_column][vc_column width=&#8220;2\/3&#8243;][vc_empty_space height=&#8220;20px&#8220;][vc_single_image image=&#8220;9068&#8243; img_size=&#8220;full&#8220; css_animation=&#8220;bounceInRight&#8220;][vc_empty_space height=&#8220;50px&#8220;][\/vc_column][\/vc_row][\/vc_section][vc_section full_width=&#8220;stretch_row&#8220; bg_color_select=&#8220;gray&#8220;][vc_row equal_height=&#8220;yes&#8220; css=&#8220;.vc_custom_1607286163193{padding-top: 2% !important;}&#8220;][vc_column width=&#8220;1\/2&#8243;][like_sc_header type=&#8220;h3&#8243; subheader=&#8220;Gm Travel Solution&#8217;s Jet&#8220; header=&#8220;&#8220; style=&#8220;header-subheader&#8220; color=&#8220;black&#8220; subcolor=&#8220;main&#8220; align=&#8220;left&#8220; size=&#8220;default&#8220; transform=&#8220;default&#8220; sr=&#8220;default&#8220; href=&#8220;&#8220; icon=&#8220;&#8220; image=&#8220;&#8220; icon_bg=&#8220;transparent&#8220; size_px=&#8220;&#8220; use_theme_fonts=&#8220;yes&#8220; google_fonts=&#8220;&#8220; id=&#8220;&#8220; class=&#8220;&#8220; css=&#8220;&#8220;][vc_empty_space height=&#8220;10px&#8220;][vc_column_text]Mit einem professionellen Serviceniveau bieten wir unseren Kunden die Vermietung von Ambulanzflugzeugen, die mit modernster Technologie und einem professionellen medizinischen Team ausgestattet sind.<\/p>\n<p>Alles, was wir brauchen, sind die Flugdaten, Gesundheitsdaten und Anforderungen zur Koordination aller Reiseverfahren.[\/vc_column_text][vc_empty_space height=&#8220;30px&#8220;][\/vc_column][vc_column width=&#8220;1\/2&#8243;][vc_empty_space height=&#8220;20px&#8220;][vc_images_carousel images=&#8220;9136,9137,9138,9139,9140,9141&#8243; img_size=&#8220;full&#8220; onclick=&#8220;link_no&#8220; autoplay=&#8220;yes&#8220; hide_pagination_control=&#8220;yes&#8220; wrap=&#8220;yes&#8220; css_animation=&#8220;bounceInRight&#8220;][\/vc_column][\/vc_row][vc_row][vc_column][vc_separator color=&#8220;white&#8220; css=&#8220;.vc_custom_1610271369916{padding-top: 5% !important;padding-bottom: 5% !important;}&#8220;][\/vc_column][\/vc_row][vc_row][vc_column width=&#8220;1\/3&#8243;][\/vc_column][vc_column width=&#8220;1\/3&#8243;][vc_column_text]<\/p>\n<h3 style=\"text-align: center;\"><span style=\"color: #bd8e2f;\">Erkundigen Sie sich nach Privatjets<\/span><\/h3>\n<p>[\/vc_column_text][vc_empty_space height=&#8220;30px&#8220;][like_sc_contact_form_7 form_id=&#8220;13854&#8243; title=&#8220;&#8220; form_padding=&#8220;none&#8220; form_align=&#8220;center&#8220; form_bg=&#8220;gray&#8220; form_inline=&#8220;default&#8220; id=&#8220;&#8220; class=&#8220;&#8220; css=&#8220;.vc_custom_1620721444015{margin-bottom: 0px !important;}&#8220;][vc_empty_space height=&#8220;150px&#8220;][\/vc_column][vc_column width=&#8220;1\/3&#8243;][\/vc_column][\/vc_row][\/vc_section]<\/p>\n","protected":false},"excerpt":{"rendered":"<p>[vc_row full_width=&#8220;stretch_row_content_no_spaces&#8220; bg_color_select=&#8220;black&#8220;][vc_column][like_sc_zoom_slider category_filter=&#8220;503&#8243; margin=&#8220;true&#8220; overlay=&#8220;dots&#8220; zoom=&#8220;default&#8220; zs_speed=&#8220;20000&#8243; zs_interval=&#8220;4500&#8243; zs_content_effect=&#8220;fade-top&#8220; zs_origin=&#8220;center-center&#8220; arrows=&#8220;true&#8220; id=&#8220;&#8220; class=&#8220;&#8220; css=&#8220;&#8220;][\/vc_column][\/vc_row][vc_section full_width=&#8220;stretch_row&#8220; bg_color_select=&#8220;gray&#8220;][vc_row equal_height=&#8220;yes&#8220; css=&#8220;.vc_custom_1607286163193{padding-top: 2%<\/p>\n","protected":false},"author":3,"featured_media":0,"parent":0,"menu_order":0,"comment_status":"closed","ping_status":"closed","template":"page-templates\/full-width.php","meta":{"_mi_skip_tracking":false,"footnotes":""},"yoast_head":"<!-- This site is optimized with the Yoast SEO Premium plugin v21.5 (Yoast SEO v21.5) - https:\/\/yoast.com\/wordpress\/plugins\/seo\/ -->\n<title>Private Jet - Global Marketing<\/title>\n<meta name=\"robots\" content=\"index, follow, max-snippet:-1, max-image-preview:large, max-video-preview:-1\" \/>\n<link rel=\"canonical\" href=\"https:\/\/aircairo.gmtravelsolution.com\/private-jet\/\" \/>\n<meta property=\"og:locale\" content=\"de_DE\" \/>\n<meta property=\"og:type\" content=\"article\" \/>\n<meta property=\"og:title\" content=\"Private Jet\" \/>\n<meta property=\"og:description\" content=\"[vc_row full_width=&#8220;stretch_row_content_no_spaces&#8220; bg_color_select=&#8220;black&#8220;][vc_column][like_sc_zoom_slider category_filter=&#8220;503&#8243; margin=&#8220;true&#8220; overlay=&#8220;dots&#8220; zoom=&#8220;default&#8220; zs_speed=&#8220;20000&#8243; zs_interval=&#8220;4500&#8243; zs_content_effect=&#8220;fade-top&#8220; zs_origin=&#8220;center-center&#8220; arrows=&#8220;true&#8220; id=&#8220;&#8220; class=&#8220;&#8220; css=&#8220;&#8220;][\/vc_column][\/vc_row][vc_section full_width=&#8220;stretch_row&#8220; bg_color_select=&#8220;gray&#8220;][vc_row equal_height=&#8220;yes&#8220; css=&#8220;.vc_custom_1607286163193{padding-top: 2%\" \/>\n<meta property=\"og:url\" content=\"https:\/\/aircairo.gmtravelsolution.com\/private-jet\/\" \/>\n<meta property=\"og:site_name\" content=\"Global Marketing\" \/>\n<meta property=\"article:modified_time\" content=\"2021-05-11T08:24:07+00:00\" \/>\n<meta property=\"og:image\" content=\"https:\/\/aircairo.gmtravelsolution.com\/wp-content\/uploads\/2023\/11\/GM-TRaverl-solution-Fast-Track-Airport-Service-Featured-Image.jpg\" \/>\n\t<meta property=\"og:image:width\" content=\"1200\" \/>\n\t<meta property=\"og:image:height\" content=\"675\" \/>\n\t<meta property=\"og:image:type\" content=\"image\/jpeg\" \/>\n<meta name=\"twitter:card\" content=\"summary_large_image\" \/>\n<meta name=\"twitter:label1\" content=\"Gesch\u00e4tzte Lesezeit\" \/>\n\t<meta name=\"twitter:data1\" content=\"3\u00a0Minuten\" \/>\n<script type=\"application\/ld+json\" class=\"yoast-schema-graph\">{\"@context\":\"https:\/\/schema.org\",\"@graph\":[{\"@type\":\"WebPage\",\"@id\":\"https:\/\/aircairo.gmtravelsolution.com\/private-jet\/\",\"url\":\"https:\/\/aircairo.gmtravelsolution.com\/private-jet\/\",\"name\":\"Private Jet - Global Marketing\",\"isPartOf\":{\"@id\":\"https:\/\/aircairo.gmtravelsolution.com\/#website\"},\"datePublished\":\"2021-01-10T08:59:26+00:00\",\"dateModified\":\"2021-05-11T08:24:07+00:00\",\"breadcrumb\":{\"@id\":\"https:\/\/aircairo.gmtravelsolution.com\/private-jet\/#breadcrumb\"},\"inLanguage\":\"de\",\"potentialAction\":[{\"@type\":\"ReadAction\",\"target\":[\"https:\/\/aircairo.gmtravelsolution.com\/private-jet\/\"]}]},{\"@type\":\"BreadcrumbList\",\"@id\":\"https:\/\/aircairo.gmtravelsolution.com\/private-jet\/#breadcrumb\",\"itemListElement\":[{\"@type\":\"ListItem\",\"position\":1,\"name\":\"Home\",\"item\":\"https:\/\/aircairo.gmtravelsolution.com\/\"},{\"@type\":\"ListItem\",\"position\":2,\"name\":\"Private Jet\"}]},{\"@type\":\"WebSite\",\"@id\":\"https:\/\/aircairo.gmtravelsolution.com\/#website\",\"url\":\"https:\/\/aircairo.gmtravelsolution.com\/\",\"name\":\"Global Marketing\",\"description\":\"Travel Solution\",\"potentialAction\":[{\"@type\":\"SearchAction\",\"target\":{\"@type\":\"EntryPoint\",\"urlTemplate\":\"https:\/\/aircairo.gmtravelsolution.com\/?s={search_term_string}\"},\"query-input\":\"required name=search_term_string\"}],\"inLanguage\":\"de\"}]}<\/script>\n<!-- \/ Yoast SEO Premium plugin. -->","yoast_head_json":{"title":"Private Jet - Global Marketing","robots":{"index":"index","follow":"follow","max-snippet":"max-snippet:-1","max-image-preview":"max-image-preview:large","max-video-preview":"max-video-preview:-1"},"canonical":"https:\/\/aircairo.gmtravelsolution.com\/private-jet\/","og_locale":"de_DE","og_type":"article","og_title":"Private Jet","og_description":"[vc_row full_width=&#8220;stretch_row_content_no_spaces&#8220; bg_color_select=&#8220;black&#8220;][vc_column][like_sc_zoom_slider category_filter=&#8220;503&#8243; margin=&#8220;true&#8220; overlay=&#8220;dots&#8220; zoom=&#8220;default&#8220; zs_speed=&#8220;20000&#8243; zs_interval=&#8220;4500&#8243; zs_content_effect=&#8220;fade-top&#8220; zs_origin=&#8220;center-center&#8220; arrows=&#8220;true&#8220; id=&#8220;&#8220; class=&#8220;&#8220; css=&#8220;&#8220;][\/vc_column][\/vc_row][vc_section full_width=&#8220;stretch_row&#8220; bg_color_select=&#8220;gray&#8220;][vc_row equal_height=&#8220;yes&#8220; css=&#8220;.vc_custom_1607286163193{padding-top: 2%","og_url":"https:\/\/aircairo.gmtravelsolution.com\/private-jet\/","og_site_name":"Global Marketing","article_modified_time":"2021-05-11T08:24:07+00:00","og_image":[{"width":1200,"height":675,"url":"https:\/\/aircairo.gmtravelsolution.com\/wp-content\/uploads\/2023\/11\/GM-TRaverl-solution-Fast-Track-Airport-Service-Featured-Image.jpg","type":"image\/jpeg"}],"twitter_card":"summary_large_image","twitter_misc":{"Gesch\u00e4tzte Lesezeit":"3\u00a0Minuten"},"schema":{"@context":"https:\/\/schema.org","@graph":[{"@type":"WebPage","@id":"https:\/\/aircairo.gmtravelsolution.com\/private-jet\/","url":"https:\/\/aircairo.gmtravelsolution.com\/private-jet\/","name":"Private Jet - Global Marketing","isPartOf":{"@id":"https:\/\/aircairo.gmtravelsolution.com\/#website"},"datePublished":"2021-01-10T08:59:26+00:00","dateModified":"2021-05-11T08:24:07+00:00","breadcrumb":{"@id":"https:\/\/aircairo.gmtravelsolution.com\/private-jet\/#breadcrumb"},"inLanguage":"de","potentialAction":[{"@type":"ReadAction","target":["https:\/\/aircairo.gmtravelsolution.com\/private-jet\/"]}]},{"@type":"BreadcrumbList","@id":"https:\/\/aircairo.gmtravelsolution.com\/private-jet\/#breadcrumb","itemListElement":[{"@type":"ListItem","position":1,"name":"Home","item":"https:\/\/aircairo.gmtravelsolution.com\/"},{"@type":"ListItem","position":2,"name":"Private Jet"}]},{"@type":"WebSite","@id":"https:\/\/aircairo.gmtravelsolution.com\/#website","url":"https:\/\/aircairo.gmtravelsolution.com\/","name":"Global Marketing","description":"Travel Solution","potentialAction":[{"@type":"SearchAction","target":{"@type":"EntryPoint","urlTemplate":"https:\/\/aircairo.gmtravelsolution.com\/?s={search_term_string}"},"query-input":"required name=search_term_string"}],"inLanguage":"de"}]}},"_links":{"self":[{"href":"https:\/\/aircairo.gmtravelsolution.com\/de\/wp-json\/wp\/v2\/pages\/13834"}],"collection":[{"href":"https:\/\/aircairo.gmtravelsolution.com\/de\/wp-json\/wp\/v2\/pages"}],"about":[{"href":"https:\/\/aircairo.gmtravelsolution.com\/de\/wp-json\/wp\/v2\/types\/page"}],"author":[{"embeddable":true,"href":"https:\/\/aircairo.gmtravelsolution.com\/de\/wp-json\/wp\/v2\/users\/3"}],"replies":[{"embeddable":true,"href":"https:\/\/aircairo.gmtravelsolution.com\/de\/wp-json\/wp\/v2\/comments?post=13834"}],"version-history":[{"count":3,"href":"https:\/\/aircairo.gmtravelsolution.com\/de\/wp-json\/wp\/v2\/pages\/13834\/revisions"}],"predecessor-version":[{"id":13855,"href":"https:\/\/aircairo.gmtravelsolution.com\/de\/wp-json\/wp\/v2\/pages\/13834\/revisions\/13855"}],"wp:attachment":[{"href":"https:\/\/aircairo.gmtravelsolution.com\/de\/wp-json\/wp\/v2\/media?parent=13834"}],"curies":[{"name":"wp","href":"https:\/\/api.w.org\/{rel}","templated":true}]}}